{"id":1171,"date":"2025-10-18T10:13:53","date_gmt":"2025-10-18T10:13:53","guid":{"rendered":"https:\/\/www.daijihi.org\/test\/?page_id=1171"},"modified":"2025-10-26T16:20:52","modified_gmt":"2025-10-26T16:20:52","slug":"dein-aufenthalt","status":"publish","type":"page","link":"https:\/\/www.daijihi.org\/?page_id=1171","title":{"rendered":"Dein Aufenthalt"},"content":{"rendered":"\n<p class=\"has-text-align-left\">Wir Buddhisten verwenden nicht umsonst das Wort\u201ePraxis\u201c\u2013unser Alltag, unser ganz konkretes Tun, ist der Weg. Dinge wie Essen, Schlafen, Arbeiten. Und nicht um sonst spricht der Buddhismus von den drei Juwelen: Buddha, Dharma und Sangha. Wir brauchen alle drei gleicherma\u00dfen auf unserem Weg. Aber was hei\u00dft\u201eSangha\u201cin unsererZeit, in \u00d6sterreich?<\/p>\n\n\n\n<p class=\"has-text-align-left\">Unser Haus ist ein Versuch, t\u00e4gliche buddhistische Praxis f\u00fcr alle lebbar zu machen\u2013in und vor allem durch Gemeinschaft.<br>In unserem Haus gibt es mehrere M\u00f6glichkeiten f\u00fcr deinen Aufenthalt<\/p>\n\n\n\n<h2 class=\"wp-block-heading has-text-align-center\">Gast<\/h2>\n\n\n\n<p class=\"has-text-align-left\">Du bleibt f\u00fcr ein paar N\u00e4chte im G\u00e4stezimmer\u201eLaura\u201c (1Person) oder\u201eSam\u201c (1-2Personen). Beide G\u00e4stezimmer teilen sich ein Bad. Die gemeinsame Praxis steht dir jederzeit offen. Nach Absprache k\u00f6nnen auch die Mahlzeiten gemeinsam eingenommen werden.<\/p>\n\n\n\n<div class=\"wp-block-group is-vertical is-content-justification-left is-layout-flex wp-container-core-group-is-layout-dd225191 wp-block-group-is-layout-flex\">\n<p class=\"has-text-align-left\">Preis pro \u00dcbernachtung:<\/p>\n\n\n\n<ul class=\"wp-block-list\">\n<li class=\"\">\u201eLaura\u201c \u2013 30 Euro<\/li>\n\n\n\n<li class=\"\">\u201eSam\u201c \u2013 50 Euro\/Person<\/li>\n<\/ul>\n<\/div>\n\n\n\n<figure class=\"wp-block-gallery has-nested-images columns-default is-cropped wp-block-gallery-1 is-layout-flex wp-block-gallery-is-layout-flex\">\n<figure class=\"wp-block-image size-large\"><img loading=\"lazy\" decoding=\"async\" width=\"768\" height=\"1024\" data-id=\"1276\" src=\"https:\/\/www.daijihi.org\/wp-content\/uploads\/2025\/10\/IMG_4626-768x1024.jpg\" alt=\"\" class=\"wp-image-1276\" srcset=\"https:\/\/www.daijihi.org\/wp-content\/uploads\/2025\/10\/IMG_4626-768x1024.jpg 768w, https:\/\/www.daijihi.org\/wp-content\/uploads\/2025\/10\/IMG_4626-225x300.jpg 225w, https:\/\/www.daijihi.org\/wp-content\/uploads\/2025\/10\/IMG_4626-1152x1536.jpg 1152w, https:\/\/www.daijihi.org\/wp-content\/uploads\/2025\/10\/IMG_4626-1536x2048.jpg 1536w, https:\/\/www.daijihi.org\/wp-content\/uploads\/2025\/10\/IMG_4626-600x800.jpg 600w, https:\/\/www.daijihi.org\/wp-content\/uploads\/2025\/10\/IMG_4626-1200x1600.jpg 1200w, https:\/\/www.daijihi.org\/wp-content\/uploads\/2025\/10\/IMG_4626-scaled.jpg 1920w\" sizes=\"auto, (max-width: 768px) 100vw, 768px\" \/><\/figure>\n\n\n\n<figure class=\"wp-block-image size-large\"><img loading=\"lazy\" decoding=\"async\" width=\"768\" height=\"1024\" data-id=\"1277\" src=\"https:\/\/www.daijihi.org\/wp-content\/uploads\/2025\/10\/IMG_4627-768x1024.jpg\" alt=\"\" class=\"wp-image-1277\" srcset=\"https:\/\/www.daijihi.org\/wp-content\/uploads\/2025\/10\/IMG_4627-768x1024.jpg 768w, https:\/\/www.daijihi.org\/wp-content\/uploads\/2025\/10\/IMG_4627-225x300.jpg 225w, https:\/\/www.daijihi.org\/wp-content\/uploads\/2025\/10\/IMG_4627-1152x1536.jpg 1152w, https:\/\/www.daijihi.org\/wp-content\/uploads\/2025\/10\/IMG_4627-1536x2048.jpg 1536w, https:\/\/www.daijihi.org\/wp-content\/uploads\/2025\/10\/IMG_4627-600x800.jpg 600w, https:\/\/www.daijihi.org\/wp-content\/uploads\/2025\/10\/IMG_4627-1200x1600.jpg 1200w, https:\/\/www.daijihi.org\/wp-content\/uploads\/2025\/10\/IMG_4627-scaled.jpg 1920w\" sizes=\"auto, (max-width: 768px) 100vw, 768px\" \/><\/figure>\n\n\n\n<figure class=\"wp-block-image size-large\"><img loading=\"lazy\" decoding=\"async\" width=\"768\" height=\"1024\" data-id=\"1275\" src=\"https:\/\/www.daijihi.org\/wp-content\/uploads\/2025\/10\/IMG_8395-768x1024.jpg\" alt=\"\" class=\"wp-image-1275\" srcset=\"https:\/\/www.daijihi.org\/wp-content\/uploads\/2025\/10\/IMG_8395-768x1024.jpg 768w, https:\/\/www.daijihi.org\/wp-content\/uploads\/2025\/10\/IMG_8395-225x300.jpg 225w, https:\/\/www.daijihi.org\/wp-content\/uploads\/2025\/10\/IMG_8395-1152x1536.jpg 1152w, https:\/\/www.daijihi.org\/wp-content\/uploads\/2025\/10\/IMG_8395-600x800.jpg 600w, https:\/\/www.daijihi.org\/wp-content\/uploads\/2025\/10\/IMG_8395-1200x1600.jpg 1200w, https:\/\/www.daijihi.org\/wp-content\/uploads\/2025\/10\/IMG_8395.jpg 1536w\" sizes=\"auto, (max-width: 768px) 100vw, 768px\" \/><\/figure>\n\n\n\n<figure class=\"wp-block-image size-large\"><img loading=\"lazy\" decoding=\"async\" width=\"768\" height=\"1024\" data-id=\"1274\" src=\"https:\/\/www.daijihi.org\/wp-content\/uploads\/2025\/10\/IMG_8396-768x1024.jpg\" alt=\"\" class=\"wp-image-1274\" srcset=\"https:\/\/www.daijihi.org\/wp-content\/uploads\/2025\/10\/IMG_8396-768x1024.jpg 768w, https:\/\/www.daijihi.org\/wp-content\/uploads\/2025\/10\/IMG_8396-225x300.jpg 225w, https:\/\/www.daijihi.org\/wp-content\/uploads\/2025\/10\/IMG_8396-1152x1536.jpg 1152w, https:\/\/www.daijihi.org\/wp-content\/uploads\/2025\/10\/IMG_8396-600x800.jpg 600w, https:\/\/www.daijihi.org\/wp-content\/uploads\/2025\/10\/IMG_8396-1200x1600.jpg 1200w, https:\/\/www.daijihi.org\/wp-content\/uploads\/2025\/10\/IMG_8396.jpg 1536w\" sizes=\"auto, (max-width: 768px) 100vw, 768px\" \/><\/figure>\n<\/figure>\n\n\n\n<p class=\"has-text-align-center\">Zimmer Sam<\/p>\n\n\n\n<figure class=\"wp-block-gallery has-nested-images columns-default is-cropped wp-block-gallery-2 is-layout-flex wp-block-gallery-is-layout-flex\">\n<figure class=\"wp-block-image size-large\"><img loading=\"lazy\" decoding=\"async\" width=\"1024\" height=\"768\" data-id=\"1278\" src=\"https:\/\/www.daijihi.org\/wp-content\/uploads\/2025\/10\/IMG_8225-1024x768.jpg\" alt=\"\" class=\"wp-image-1278\" srcset=\"https:\/\/www.daijihi.org\/wp-content\/uploads\/2025\/10\/IMG_8225-1024x768.jpg 1024w, https:\/\/www.daijihi.org\/wp-content\/uploads\/2025\/10\/IMG_8225-300x225.jpg 300w, https:\/\/www.daijihi.org\/wp-content\/uploads\/2025\/10\/IMG_8225-768x576.jpg 768w, https:\/\/www.daijihi.org\/wp-content\/uploads\/2025\/10\/IMG_8225-1536x1152.jpg 1536w, https:\/\/www.daijihi.org\/wp-content\/uploads\/2025\/10\/IMG_8225-600x450.jpg 600w, https:\/\/www.daijihi.org\/wp-content\/uploads\/2025\/10\/IMG_8225-1200x900.jpg 1200w, https:\/\/www.daijihi.org\/wp-content\/uploads\/2025\/10\/IMG_8225.jpg 2048w\" sizes=\"auto, (max-width: 1024px) 100vw, 1024px\" \/><\/figure>\n\n\n\n<figure class=\"wp-block-image size-large\"><img loading=\"lazy\" decoding=\"async\" width=\"1024\" height=\"768\" data-id=\"1279\" src=\"https:\/\/www.daijihi.org\/wp-content\/uploads\/2025\/10\/IMG_8227-1024x768.jpg\" alt=\"\" class=\"wp-image-1279\" srcset=\"https:\/\/www.daijihi.org\/wp-content\/uploads\/2025\/10\/IMG_8227-1024x768.jpg 1024w, https:\/\/www.daijihi.org\/wp-content\/uploads\/2025\/10\/IMG_8227-300x225.jpg 300w, https:\/\/www.daijihi.org\/wp-content\/uploads\/2025\/10\/IMG_8227-768x576.jpg 768w, https:\/\/www.daijihi.org\/wp-content\/uploads\/2025\/10\/IMG_8227-1536x1152.jpg 1536w, https:\/\/www.daijihi.org\/wp-content\/uploads\/2025\/10\/IMG_8227-600x450.jpg 600w, https:\/\/www.daijihi.org\/wp-content\/uploads\/2025\/10\/IMG_8227-1200x900.jpg 1200w, https:\/\/www.daijihi.org\/wp-content\/uploads\/2025\/10\/IMG_8227.jpg 2048w\" sizes=\"auto, (max-width: 1024px) 100vw, 1024px\" \/><\/figure>\n\n\n\n<figure class=\"wp-block-image size-large\"><img loading=\"lazy\" decoding=\"async\" width=\"768\" height=\"1024\" data-id=\"1280\" src=\"https:\/\/www.daijihi.org\/wp-content\/uploads\/2025\/10\/IMG_8397-768x1024.jpg\" alt=\"\" class=\"wp-image-1280\" srcset=\"https:\/\/www.daijihi.org\/wp-content\/uploads\/2025\/10\/IMG_8397-768x1024.jpg 768w, https:\/\/www.daijihi.org\/wp-content\/uploads\/2025\/10\/IMG_8397-225x300.jpg 225w, https:\/\/www.daijihi.org\/wp-content\/uploads\/2025\/10\/IMG_8397-1152x1536.jpg 1152w, https:\/\/www.daijihi.org\/wp-content\/uploads\/2025\/10\/IMG_8397-600x800.jpg 600w, https:\/\/www.daijihi.org\/wp-content\/uploads\/2025\/10\/IMG_8397-1200x1600.jpg 1200w, https:\/\/www.daijihi.org\/wp-content\/uploads\/2025\/10\/IMG_8397.jpg 1536w\" sizes=\"auto, (max-width: 768px) 100vw, 768px\" \/><\/figure>\n<\/figure>\n\n\n\n<p class=\"has-text-align-center\">Zimmer Laura<\/p>\n\n\n\n<h2 class=\"wp-block-heading has-text-align-center\">Betreute\/r<\/h2>\n\n\n\n<p class=\"has-text-align-left\">Du brauchst spirituelle Unterst\u00fctzung und suchst f\u00fcr einige Wochen einen Platz, an dem du dich zur\u00fcckziehen kannst? Dann k\u00f6nnte unsere Ein-Zimmer-Wohnung mit kleinem Bad und Kitchenette f\u00fcr dich in Frage kommen. Bitte setze dich mit uns in Verbindung. In gemeinsamen Gespr\u00e4chen sondieren wir, ob und wie wir dich unterst\u00fctzen k\u00f6nnen.<\/p>\n\n\n\n<figure class=\"wp-block-gallery has-nested-images columns-default is-cropped wp-block-gallery-3 is-layout-flex wp-block-gallery-is-layout-flex\">\n\n\n<figure class=\"wp-block-image size-large\"><img loading=\"lazy\" decoding=\"async\" width=\"1024\" height=\"768\" data-id=\"1281\" src=\"https:\/\/www.daijihi.org\/wp-content\/uploads\/2025\/10\/IMG_7908-1024x768.jpg\" alt=\"\" class=\"wp-image-1281\" srcset=\"https:\/\/www.daijihi.org\/wp-content\/uploads\/2025\/10\/IMG_7908-1024x768.jpg 1024w, https:\/\/www.daijihi.org\/wp-content\/uploads\/2025\/10\/IMG_7908-300x225.jpg 300w, https:\/\/www.daijihi.org\/wp-content\/uploads\/2025\/10\/IMG_7908-768x576.jpg 768w, https:\/\/www.daijihi.org\/wp-content\/uploads\/2025\/10\/IMG_7908-1536x1152.jpg 1536w, https:\/\/www.daijihi.org\/wp-content\/uploads\/2025\/10\/IMG_7908-2048x1536.jpg 2048w, https:\/\/www.daijihi.org\/wp-content\/uploads\/2025\/10\/IMG_7908-600x450.jpg 600w, https:\/\/www.daijihi.org\/wp-content\/uploads\/2025\/10\/IMG_7908-1200x900.jpg 1200w\" sizes=\"auto, (max-width: 1024px) 100vw, 1024px\" \/><\/figure>\n\n\n\n<figure class=\"wp-block-image size-large\"><img loading=\"lazy\" decoding=\"async\" width=\"768\" height=\"1024\" data-id=\"1282\" src=\"https:\/\/www.daijihi.org\/wp-content\/uploads\/2025\/10\/IMG_7910-768x1024.jpg\" alt=\"\" class=\"wp-image-1282\" srcset=\"https:\/\/www.daijihi.org\/wp-content\/uploads\/2025\/10\/IMG_7910-768x1024.jpg 768w, https:\/\/www.daijihi.org\/wp-content\/uploads\/2025\/10\/IMG_7910-225x300.jpg 225w, https:\/\/www.daijihi.org\/wp-content\/uploads\/2025\/10\/IMG_7910-1152x1536.jpg 1152w, https:\/\/www.daijihi.org\/wp-content\/uploads\/2025\/10\/IMG_7910-1536x2048.jpg 1536w, https:\/\/www.daijihi.org\/wp-content\/uploads\/2025\/10\/IMG_7910-600x800.jpg 600w, https:\/\/www.daijihi.org\/wp-content\/uploads\/2025\/10\/IMG_7910-1200x1600.jpg 1200w, https:\/\/www.daijihi.org\/wp-content\/uploads\/2025\/10\/IMG_7910-scaled.jpg 1920w\" sizes=\"auto, (max-width: 768px) 100vw, 768px\" \/><\/figure>\n\n\n\n\n<\/figure>\n\n\n\n<p class=\"has-text-align-center\">Betreuungswohnung<\/p>\n\n\n\n<h2 class=\"wp-block-heading has-text-align-center\">Sangha-Mitglied<\/h2>\n\n\n\n<p class=\"has-text-align-left\">Du praktizierst bereits Zen und suchst eine\u201eSangha-WG\u201c,wo du dich aktiv ein bringen kannst? Du bist bereit, t\u00e4glich mit uns zu praktizieren, Aufgaben im Haus und Garten zu \u00fcbernehmen und dich aktiv um andere zu k\u00fcmmern?<\/p>\n\n\n\n<p class=\"has-text-align-left\">Bitte kontaktiere uns und wir sondieren gemeinsam in Gespr\u00e4chen, ob und wie dieses Haus der richtige Ort f\u00fcr dich ist. \u00dcblicherweise vereinbaren wir eine Probezeit von mindestens eine Woche.<\/p>\n\n\n\n<p class=\"has-text-align-left\">Sangha-Mitglieder erhalten ein eigenes Schlafzimmer, die anderen R\u00e4ume werden gemeinschaftlich genutzt.<\/p>\n\n\n\n<p class=\"\">Mehr auf Anfrage<\/p>\n","protected":false},"excerpt":{"rendered":"<p>Wir Buddhisten verwenden nicht umsonst das Wort\u201ePraxis\u201c\u2013unser Alltag, unser ganz konkretes Tun, ist der Weg. Dinge wie Essen, Schlafen, Arbeiten. Und nicht um sonst spricht der Buddhismus von den drei Juwelen: Buddha, Dharma und Sangha. Wir brauchen alle drei gleicherma\u00dfen auf unserem Weg. Aber was hei\u00dft\u201eSangha\u201cin unsererZeit, in \u00d6sterreich? Unser Haus ist ein Versuch, t\u00e4gliche [&hellip;]<\/p>\n","protected":false},"author":1,"featured_media":0,"parent":0,"menu_order":0,"comment_status":"closed","ping_status":"closed","template":"","meta":{"footnotes":""},"class_list":["post-1171","page","type-page","status-publish","hentry"],"yoast_head":"<!-- This site is optimized with the Yoast SEO plugin v27.6 - https:\/\/yoast.com\/product\/yoast-seo-wordpress\/ -->\n<title>Dein Aufenthalt - Daijihi<\/title>\n<meta name=\"robots\" content=\"noindex, follow, max-snippet:-1, max-image-preview:large, max-video-preview:-1\" \/>\n<meta property=\"og:locale\" content=\"en_GB\" \/>\n<meta property=\"og:type\" content=\"article\" \/>\n<meta property=\"og:title\" content=\"Dein Aufenthalt - Daijihi\" \/>\n<meta property=\"og:description\" content=\"Wir Buddhisten verwenden nicht umsonst das Wort\u201ePraxis\u201c\u2013unser Alltag, unser ganz konkretes Tun, ist der Weg. Dinge wie Essen, Schlafen, Arbeiten. Und nicht um sonst spricht der Buddhismus von den drei Juwelen: Buddha, Dharma und Sangha. Wir brauchen alle drei gleicherma\u00dfen auf unserem Weg. Aber was hei\u00dft\u201eSangha\u201cin unsererZeit, in \u00d6sterreich? Unser Haus ist ein Versuch, t\u00e4gliche [&hellip;]\" \/>\n<meta property=\"og:url\" content=\"https:\/\/www.daijihi.org\/?page_id=1171\" \/>\n<meta property=\"og:site_name\" content=\"Daijihi\" \/>\n<meta property=\"article:modified_time\" content=\"2025-10-26T16:20:52+00:00\" \/>\n<meta name=\"twitter:card\" content=\"summary_large_image\" \/>\n<meta name=\"twitter:label1\" content=\"Estimated reading time\" \/>\n\t<meta name=\"twitter:data1\" content=\"4 minutes\" \/>\n<script type=\"application\/ld+json\" class=\"yoast-schema-graph\">{\"@context\":\"https:\\\/\\\/schema.org\",\"@graph\":[{\"@type\":\"WebPage\",\"@id\":\"https:\\\/\\\/www.daijihi.org\\\/?page_id=1171\",\"url\":\"https:\\\/\\\/www.daijihi.org\\\/?page_id=1171\",\"name\":\"Dein Aufenthalt - Daijihi\",\"isPartOf\":{\"@id\":\"https:\\\/\\\/www.daijihi.org\\\/#website\"},\"primaryImageOfPage\":{\"@id\":\"https:\\\/\\\/www.daijihi.org\\\/?page_id=1171#primaryimage\"},\"image\":{\"@id\":\"https:\\\/\\\/www.daijihi.org\\\/?page_id=1171#primaryimage\"},\"thumbnailUrl\":\"https:\\\/\\\/www.daijihi.org\\\/wp-content\\\/uploads\\\/2025\\\/10\\\/IMG_4626-768x1024.jpg\",\"datePublished\":\"2025-10-18T10:13:53+00:00\",\"dateModified\":\"2025-10-26T16:20:52+00:00\",\"breadcrumb\":{\"@id\":\"https:\\\/\\\/www.daijihi.org\\\/?page_id=1171#breadcrumb\"},\"inLanguage\":\"en-GB\",\"potentialAction\":[{\"@type\":\"ReadAction\",\"target\":[\"https:\\\/\\\/www.daijihi.org\\\/?page_id=1171\"]}]},{\"@type\":\"ImageObject\",\"inLanguage\":\"en-GB\",\"@id\":\"https:\\\/\\\/www.daijihi.org\\\/?page_id=1171#primaryimage\",\"url\":\"https:\\\/\\\/www.daijihi.org\\\/wp-content\\\/uploads\\\/2025\\\/10\\\/IMG_4626-scaled.jpg\",\"contentUrl\":\"https:\\\/\\\/www.daijihi.org\\\/wp-content\\\/uploads\\\/2025\\\/10\\\/IMG_4626-scaled.jpg\",\"width\":1920,\"height\":2560},{\"@type\":\"BreadcrumbList\",\"@id\":\"https:\\\/\\\/www.daijihi.org\\\/?page_id=1171#breadcrumb\",\"itemListElement\":[{\"@type\":\"ListItem\",\"position\":1,\"name\":\"Startseite\",\"item\":\"https:\\\/\\\/www.daijihi.org\\\/\"},{\"@type\":\"ListItem\",\"position\":2,\"name\":\"Dein Aufenthalt\"}]},{\"@type\":\"WebSite\",\"@id\":\"https:\\\/\\\/www.daijihi.org\\\/#website\",\"url\":\"https:\\\/\\\/www.daijihi.org\\\/\",\"name\":\"Daijihi\",\"description\":\"\",\"publisher\":{\"@id\":\"https:\\\/\\\/www.daijihi.org\\\/#organization\"},\"potentialAction\":[{\"@type\":\"SearchAction\",\"target\":{\"@type\":\"EntryPoint\",\"urlTemplate\":\"https:\\\/\\\/www.daijihi.org\\\/?s={search_term_string}\"},\"query-input\":{\"@type\":\"PropertyValueSpecification\",\"valueRequired\":true,\"valueName\":\"search_term_string\"}}],\"inLanguage\":\"en-GB\"},{\"@type\":\"Organization\",\"@id\":\"https:\\\/\\\/www.daijihi.org\\\/#organization\",\"name\":\"Daijihi\",\"url\":\"https:\\\/\\\/www.daijihi.org\\\/\",\"logo\":{\"@type\":\"ImageObject\",\"inLanguage\":\"en-GB\",\"@id\":\"https:\\\/\\\/www.daijihi.org\\\/#\\\/schema\\\/logo\\\/image\\\/\",\"url\":\"https:\\\/\\\/www.daijihi.org\\\/wp-content\\\/uploads\\\/2025\\\/10\\\/photo_2025-10-12-15.40.12.jpeg\",\"contentUrl\":\"https:\\\/\\\/www.daijihi.org\\\/wp-content\\\/uploads\\\/2025\\\/10\\\/photo_2025-10-12-15.40.12.jpeg\",\"width\":1280,\"height\":668,\"caption\":\"Daijihi\"},\"image\":{\"@id\":\"https:\\\/\\\/www.daijihi.org\\\/#\\\/schema\\\/logo\\\/image\\\/\"}}]}<\/script>\n<!-- \/ Yoast SEO plugin. -->","yoast_head_json":{"title":"Dein Aufenthalt - Daijihi","robots":{"index":"noindex","follow":"follow","max-snippet":"max-snippet:-1","max-image-preview":"max-image-preview:large","max-video-preview":"max-video-preview:-1"},"og_locale":"en_GB","og_type":"article","og_title":"Dein Aufenthalt - Daijihi","og_description":"Wir Buddhisten verwenden nicht umsonst das Wort\u201ePraxis\u201c\u2013unser Alltag, unser ganz konkretes Tun, ist der Weg. Dinge wie Essen, Schlafen, Arbeiten. Und nicht um sonst spricht der Buddhismus von den drei Juwelen: Buddha, Dharma und Sangha. Wir brauchen alle drei gleicherma\u00dfen auf unserem Weg. Aber was hei\u00dft\u201eSangha\u201cin unsererZeit, in \u00d6sterreich? Unser Haus ist ein Versuch, t\u00e4gliche [&hellip;]","og_url":"https:\/\/www.daijihi.org\/?page_id=1171","og_site_name":"Daijihi","article_modified_time":"2025-10-26T16:20:52+00:00","twitter_card":"summary_large_image","twitter_misc":{"Estimated reading time":"4 minutes"},"schema":{"@context":"https:\/\/schema.org","@graph":[{"@type":"WebPage","@id":"https:\/\/www.daijihi.org\/?page_id=1171","url":"https:\/\/www.daijihi.org\/?page_id=1171","name":"Dein Aufenthalt - Daijihi","isPartOf":{"@id":"https:\/\/www.daijihi.org\/#website"},"primaryImageOfPage":{"@id":"https:\/\/www.daijihi.org\/?page_id=1171#primaryimage"},"image":{"@id":"https:\/\/www.daijihi.org\/?page_id=1171#primaryimage"},"thumbnailUrl":"https:\/\/www.daijihi.org\/wp-content\/uploads\/2025\/10\/IMG_4626-768x1024.jpg","datePublished":"2025-10-18T10:13:53+00:00","dateModified":"2025-10-26T16:20:52+00:00","breadcrumb":{"@id":"https:\/\/www.daijihi.org\/?page_id=1171#breadcrumb"},"inLanguage":"en-GB","potentialAction":[{"@type":"ReadAction","target":["https:\/\/www.daijihi.org\/?page_id=1171"]}]},{"@type":"ImageObject","inLanguage":"en-GB","@id":"https:\/\/www.daijihi.org\/?page_id=1171#primaryimage","url":"https:\/\/www.daijihi.org\/wp-content\/uploads\/2025\/10\/IMG_4626-scaled.jpg","contentUrl":"https:\/\/www.daijihi.org\/wp-content\/uploads\/2025\/10\/IMG_4626-scaled.jpg","width":1920,"height":2560},{"@type":"BreadcrumbList","@id":"https:\/\/www.daijihi.org\/?page_id=1171#breadcrumb","itemListElement":[{"@type":"ListItem","position":1,"name":"Startseite","item":"https:\/\/www.daijihi.org\/"},{"@type":"ListItem","position":2,"name":"Dein Aufenthalt"}]},{"@type":"WebSite","@id":"https:\/\/www.daijihi.org\/#website","url":"https:\/\/www.daijihi.org\/","name":"Daijihi","description":"","publisher":{"@id":"https:\/\/www.daijihi.org\/#organization"},"potentialAction":[{"@type":"SearchAction","target":{"@type":"EntryPoint","urlTemplate":"https:\/\/www.daijihi.org\/?s={search_term_string}"},"query-input":{"@type":"PropertyValueSpecification","valueRequired":true,"valueName":"search_term_string"}}],"inLanguage":"en-GB"},{"@type":"Organization","@id":"https:\/\/www.daijihi.org\/#organization","name":"Daijihi","url":"https:\/\/www.daijihi.org\/","logo":{"@type":"ImageObject","inLanguage":"en-GB","@id":"https:\/\/www.daijihi.org\/#\/schema\/logo\/image\/","url":"https:\/\/www.daijihi.org\/wp-content\/uploads\/2025\/10\/photo_2025-10-12-15.40.12.jpeg","contentUrl":"https:\/\/www.daijihi.org\/wp-content\/uploads\/2025\/10\/photo_2025-10-12-15.40.12.jpeg","width":1280,"height":668,"caption":"Daijihi"},"image":{"@id":"https:\/\/www.daijihi.org\/#\/schema\/logo\/image\/"}}]}},"featured_media_urls":[],"_links":{"self":[{"href":"https:\/\/www.daijihi.org\/index.php?rest_route=\/wp\/v2\/pages\/1171","targetHints":{"allow":["GET"]}}],"collection":[{"href":"https:\/\/www.daijihi.org\/index.php?rest_route=\/wp\/v2\/pages"}],"about":[{"href":"https:\/\/www.daijihi.org\/index.php?rest_route=\/wp\/v2\/types\/page"}],"author":[{"embeddable":true,"href":"https:\/\/www.daijihi.org\/index.php?rest_route=\/wp\/v2\/users\/1"}],"replies":[{"embeddable":true,"href":"https:\/\/www.daijihi.org\/index.php?rest_route=%2Fwp%2Fv2%2Fcomments&post=1171"}],"version-history":[{"count":4,"href":"https:\/\/www.daijihi.org\/index.php?rest_route=\/wp\/v2\/pages\/1171\/revisions"}],"predecessor-version":[{"id":1284,"href":"https:\/\/www.daijihi.org\/index.php?rest_route=\/wp\/v2\/pages\/1171\/revisions\/1284"}],"wp:attachment":[{"href":"https:\/\/www.daijihi.org\/index.php?rest_route=%2Fwp%2Fv2%2Fmedia&parent=1171"}],"curies":[{"name":"wp","href":"https:\/\/api.w.org\/{rel}","templated":true}]}}