{"id":1174,"date":"2025-10-18T10:23:01","date_gmt":"2025-10-18T10:23:01","guid":{"rendered":"https:\/\/www.daijihi.org\/test\/?page_id=1174"},"modified":"2025-11-13T18:31:15","modified_gmt":"2025-11-13T18:31:15","slug":"rituale-und-spirituelle-begleitung","status":"publish","type":"page","link":"https:\/\/www.daijihi.org\/?page_id=1174","title":{"rendered":"Rituale und spirituelle Begleitung"},"content":{"rendered":"\n<p class=\"has-text-align-left\" style=\"margin-right:var(--wp--preset--spacing--30);margin-left:var(--wp--preset--spacing--30)\">Im Westen sind buddhistische Gruppen zumeist eingeschworene Gemeinschaften, die sich privat oder in Zentren treffen, um zu meditieren oder zu diskutieren. In Japan (und anderen asiatischen L\u00e4ndern) hingegen ist die buddhistische Sangha ganz anders pr\u00e4sent: wichtige Lebensereignisse wie Geburten, Hochzeiten oder Trauerf\u00e4lle werden von buddhistischen Priesterinnen und Priestern begleitet. Diese lebendige Tradition m\u00f6chten wir hier in \u00d6sterreich anbieten. In unserer Beobachtung sehnen sich viele Menschen nach irgendeiner Form von spiritueller Begleitung an Scheidepunkten im Leben, m\u00f6chten aber aus diversen Gr\u00fcnden die Angebote der etablierten Glaubensgemeinschaften nicht nutzen. Es geht uns keinesfalls darum, zu\u201emissionieren\u201c. Du musst kein Buddhist sein, um diese Angebote anzunehmen, und du musst auch keiner werden. Aber wenn du Interesse oder Neugier gegen\u00fcber unserem Weg hast und dich begleiten lassen willst, sind wir gern f\u00fcr dich da.<\/p>\n\n\n\n<h3 class=\"wp-block-heading\">Wir haben vielf\u00e4ltige Erfahrungen mit Anl\u00e4ssen aller Art: <\/h3>\n\n\n\n<p class=\"\"><strong>Feierliche Er\u00f6ffnungen<\/strong> und\/oder Gedenkfeiern im beruflichen Kontext (z. B. von einem Kampfsport-Dojo mit angeschlossenem Laden, hier im Okt 2024 bei &#8220;Sasaki &#8211; Feel Japan&#8221; in 1190 Wien)<\/p>\n\n\n\n<figure class=\"wp-block-gallery has-nested-images columns-default is-cropped wp-block-gallery-1 is-layout-flex wp-block-gallery-is-layout-flex\">\n<figure class=\"wp-block-image size-large\"><img loading=\"lazy\" decoding=\"async\" width=\"1024\" height=\"768\" data-id=\"1294\" src=\"https:\/\/www.daijihi.org\/wp-content\/uploads\/2025\/10\/IMG_8100-1024x768.jpg\" alt=\"\" class=\"wp-image-1294\" srcset=\"https:\/\/www.daijihi.org\/wp-content\/uploads\/2025\/10\/IMG_8100-1024x768.jpg 1024w, https:\/\/www.daijihi.org\/wp-content\/uploads\/2025\/10\/IMG_8100-300x225.jpg 300w, https:\/\/www.daijihi.org\/wp-content\/uploads\/2025\/10\/IMG_8100-768x576.jpg 768w, https:\/\/www.daijihi.org\/wp-content\/uploads\/2025\/10\/IMG_8100-1536x1152.jpg 1536w, https:\/\/www.daijihi.org\/wp-content\/uploads\/2025\/10\/IMG_8100-2048x1536.jpg 2048w, https:\/\/www.daijihi.org\/wp-content\/uploads\/2025\/10\/IMG_8100-600x450.jpg 600w, https:\/\/www.daijihi.org\/wp-content\/uploads\/2025\/10\/IMG_8100-1200x900.jpg 1200w\" sizes=\"auto, (max-width: 1024px) 100vw, 1024px\" \/><\/figure>\n<\/figure>\n\n\n\n<p class=\"has-text-align-left\"><strong>Trauerfeier<\/strong>:<br>Zum Beispiel Abschiedsrede, Ritual (Herzsutra-Rezitation)<\/p>\n\n\n\n<figure class=\"wp-block-gallery has-nested-images columns-default is-cropped wp-block-gallery-2 is-layout-flex wp-block-gallery-is-layout-flex\">\n<figure class=\"wp-block-image size-large\"><img loading=\"lazy\" decoding=\"async\" width=\"768\" height=\"1024\" data-id=\"1286\" src=\"https:\/\/www.daijihi.org\/wp-content\/uploads\/2025\/10\/IMG_6992-768x1024.jpg\" alt=\"\" class=\"wp-image-1286\" srcset=\"https:\/\/www.daijihi.org\/wp-content\/uploads\/2025\/10\/IMG_6992-768x1024.jpg 768w, https:\/\/www.daijihi.org\/wp-content\/uploads\/2025\/10\/IMG_6992-225x300.jpg 225w, https:\/\/www.daijihi.org\/wp-content\/uploads\/2025\/10\/IMG_6992-1152x1536.jpg 1152w, https:\/\/www.daijihi.org\/wp-content\/uploads\/2025\/10\/IMG_6992-600x800.jpg 600w, https:\/\/www.daijihi.org\/wp-content\/uploads\/2025\/10\/IMG_6992-1200x1600.jpg 1200w, https:\/\/www.daijihi.org\/wp-content\/uploads\/2025\/10\/IMG_6992.jpg 1536w\" sizes=\"auto, (max-width: 768px) 100vw, 768px\" \/><\/figure>\n\n\n\n<figure class=\"wp-block-image size-large\"><img loading=\"lazy\" decoding=\"async\" width=\"768\" height=\"1024\" data-id=\"1287\" src=\"https:\/\/www.daijihi.org\/wp-content\/uploads\/2025\/10\/IMG_7001-768x1024.jpg\" alt=\"\" class=\"wp-image-1287\" srcset=\"https:\/\/www.daijihi.org\/wp-content\/uploads\/2025\/10\/IMG_7001-768x1024.jpg 768w, https:\/\/www.daijihi.org\/wp-content\/uploads\/2025\/10\/IMG_7001-225x300.jpg 225w, https:\/\/www.daijihi.org\/wp-content\/uploads\/2025\/10\/IMG_7001-1152x1536.jpg 1152w, https:\/\/www.daijihi.org\/wp-content\/uploads\/2025\/10\/IMG_7001-600x800.jpg 600w, https:\/\/www.daijihi.org\/wp-content\/uploads\/2025\/10\/IMG_7001-1200x1600.jpg 1200w, https:\/\/www.daijihi.org\/wp-content\/uploads\/2025\/10\/IMG_7001.jpg 1536w\" sizes=\"auto, (max-width: 768px) 100vw, 768px\" \/><\/figure>\n<\/figure>\n\n\n\n<p class=\"has-text-align-left\"><strong>Hochzeit<\/strong>:<br>Zum Beispiel vorbereitendes Gespr\u00e4ch f\u00fcr das Paar, Trauung, Ritual\/Rezitation<\/p>\n\n\n\n<figure class=\"wp-block-gallery has-nested-images columns-default is-cropped wp-block-gallery-3 is-layout-flex wp-block-gallery-is-layout-flex\">\n<figure class=\"wp-block-image size-large\"><img loading=\"lazy\" decoding=\"async\" width=\"904\" height=\"904\" data-id=\"1288\" src=\"https:\/\/www.daijihi.org\/wp-content\/uploads\/2025\/10\/27b94363-159c-465a-9041-e674690b883e.jpg\" alt=\"\" class=\"wp-image-1288\" srcset=\"https:\/\/www.daijihi.org\/wp-content\/uploads\/2025\/10\/27b94363-159c-465a-9041-e674690b883e.jpg 904w, https:\/\/www.daijihi.org\/wp-content\/uploads\/2025\/10\/27b94363-159c-465a-9041-e674690b883e-300x300.jpg 300w, https:\/\/www.daijihi.org\/wp-content\/uploads\/2025\/10\/27b94363-159c-465a-9041-e674690b883e-150x150.jpg 150w, https:\/\/www.daijihi.org\/wp-content\/uploads\/2025\/10\/27b94363-159c-465a-9041-e674690b883e-768x768.jpg 768w, https:\/\/www.daijihi.org\/wp-content\/uploads\/2025\/10\/27b94363-159c-465a-9041-e674690b883e-600x600.jpg 600w, https:\/\/www.daijihi.org\/wp-content\/uploads\/2025\/10\/27b94363-159c-465a-9041-e674690b883e-800x800.jpg 800w\" sizes=\"auto, (max-width: 904px) 100vw, 904px\" \/><\/figure>\n\n\n\n<figure class=\"wp-block-image size-large\"><img loading=\"lazy\" decoding=\"async\" width=\"836\" height=\"836\" data-id=\"1289\" src=\"https:\/\/www.daijihi.org\/wp-content\/uploads\/2025\/10\/81f284e8-0864-4e92-8676-09dc97654429.jpg\" alt=\"\" class=\"wp-image-1289\" srcset=\"https:\/\/www.daijihi.org\/wp-content\/uploads\/2025\/10\/81f284e8-0864-4e92-8676-09dc97654429.jpg 836w, https:\/\/www.daijihi.org\/wp-content\/uploads\/2025\/10\/81f284e8-0864-4e92-8676-09dc97654429-300x300.jpg 300w, https:\/\/www.daijihi.org\/wp-content\/uploads\/2025\/10\/81f284e8-0864-4e92-8676-09dc97654429-150x150.jpg 150w, https:\/\/www.daijihi.org\/wp-content\/uploads\/2025\/10\/81f284e8-0864-4e92-8676-09dc97654429-768x768.jpg 768w, https:\/\/www.daijihi.org\/wp-content\/uploads\/2025\/10\/81f284e8-0864-4e92-8676-09dc97654429-600x600.jpg 600w, https:\/\/www.daijihi.org\/wp-content\/uploads\/2025\/10\/81f284e8-0864-4e92-8676-09dc97654429-800x800.jpg 800w\" sizes=\"auto, (max-width: 836px) 100vw, 836px\" \/><\/figure>\n<\/figure>\n\n\n\n<p class=\"has-text-align-left\"><strong>Kosten<\/strong>:<br>in einem gemeinsamen Gespr\u00e4ch finden wir heraus, welcher Ausgleich f\u00fcr unsere Begleitung angemessen w\u00e4re. Kontaktiere uns: <a href=\"mailto:info@daijihi.org\">info@daijihi.org<\/a><\/p>\n\n\n\n<p class=\"has-text-align-left\"><strong>Karten auf unserem Altar (nur f\u00fcr Sangha-Mitglieder):<br><\/strong>Jemand, der dir viel bedeutet, ist krank oder vor kurzem verstorben? Auf unserem Altarstehen rechts neben Buddha kleine Papierkarterl mit den Namen von Kranken. Sie bleiben dort, bis sich der Zustand der Person wieder \u00e4ndert. Links stehen die Namen derVerstorbenen, die f\u00fcr 49 Tage dort verbleiben. Ein-bis zweimal pro Woche rezitieren wir das \u201eDai Hi Shin Dharani\u201c und widmen unsere Praxis allen Kranken und Verstorbenen.Kontaktiere uns, wenn du jemanden auf den Altar stellen lassen m\u00f6chtest. Wir raten dir jedoch, dich vorher zu versichern, dass dies auch im Sinne der betroffenen Person ist.<\/p>\n\n\n\n<figure class=\"wp-block-image aligncenter size-large\"><img loading=\"lazy\" decoding=\"async\" width=\"768\" height=\"1024\" src=\"https:\/\/www.daijihi.org\/wp-content\/uploads\/2025\/10\/IMG_1980-768x1024.jpg\" alt=\"\" class=\"wp-image-1290\"\/><\/figure>\n","protected":false},"excerpt":{"rendered":"<p>Im Westen sind buddhistische Gruppen zumeist eingeschworene Gemeinschaften, die sich privat oder in Zentren treffen, um zu meditieren oder zu diskutieren. In Japan (und anderen asiatischen L\u00e4ndern) hingegen ist die buddhistische Sangha ganz anders pr\u00e4sent: wichtige Lebensereignisse wie Geburten, Hochzeiten oder Trauerf\u00e4lle werden von buddhistischen Priesterinnen und Priestern begleitet. Diese lebendige Tradition m\u00f6chten wir hier [&hellip;]<\/p>\n","protected":false},"author":1,"featured_media":0,"parent":0,"menu_order":0,"comment_status":"closed","ping_status":"closed","template":"","meta":{"footnotes":""},"class_list":["post-1174","page","type-page","status-publish","hentry"],"yoast_head":"<!-- This site is optimized with the Yoast SEO plugin v27.6 - https:\/\/yoast.com\/product\/yoast-seo-wordpress\/ -->\n<title>Rituale und spirituelle Begleitung - Daijihi<\/title>\n<meta name=\"robots\" content=\"noindex, follow, max-snippet:-1, max-image-preview:large, max-video-preview:-1\" \/>\n<meta property=\"og:locale\" content=\"en_GB\" \/>\n<meta property=\"og:type\" content=\"article\" \/>\n<meta property=\"og:title\" content=\"Rituale und spirituelle Begleitung - Daijihi\" \/>\n<meta property=\"og:description\" content=\"Im Westen sind buddhistische Gruppen zumeist eingeschworene Gemeinschaften, die sich privat oder in Zentren treffen, um zu meditieren oder zu diskutieren. In Japan (und anderen asiatischen L\u00e4ndern) hingegen ist die buddhistische Sangha ganz anders pr\u00e4sent: wichtige Lebensereignisse wie Geburten, Hochzeiten oder Trauerf\u00e4lle werden von buddhistischen Priesterinnen und Priestern begleitet. Diese lebendige Tradition m\u00f6chten wir hier [&hellip;]\" \/>\n<meta property=\"og:url\" content=\"https:\/\/www.daijihi.org\/?page_id=1174\" \/>\n<meta property=\"og:site_name\" content=\"Daijihi\" \/>\n<meta property=\"article:modified_time\" content=\"2025-11-13T18:31:15+00:00\" \/>\n<meta name=\"twitter:card\" content=\"summary_large_image\" \/>\n<script type=\"application\/ld+json\" class=\"yoast-schema-graph\">{\"@context\":\"https:\\\/\\\/schema.org\",\"@graph\":[{\"@type\":\"WebPage\",\"@id\":\"https:\\\/\\\/www.daijihi.org\\\/?page_id=1174\",\"url\":\"https:\\\/\\\/www.daijihi.org\\\/?page_id=1174\",\"name\":\"Rituale und spirituelle Begleitung - Daijihi\",\"isPartOf\":{\"@id\":\"https:\\\/\\\/www.daijihi.org\\\/#website\"},\"primaryImageOfPage\":{\"@id\":\"https:\\\/\\\/www.daijihi.org\\\/?page_id=1174#primaryimage\"},\"image\":{\"@id\":\"https:\\\/\\\/www.daijihi.org\\\/?page_id=1174#primaryimage\"},\"thumbnailUrl\":\"https:\\\/\\\/www.daijihi.org\\\/wp-content\\\/uploads\\\/2025\\\/10\\\/IMG_8100-1024x768.jpg\",\"datePublished\":\"2025-10-18T10:23:01+00:00\",\"dateModified\":\"2025-11-13T18:31:15+00:00\",\"breadcrumb\":{\"@id\":\"https:\\\/\\\/www.daijihi.org\\\/?page_id=1174#breadcrumb\"},\"inLanguage\":\"en-GB\",\"potentialAction\":[{\"@type\":\"ReadAction\",\"target\":[\"https:\\\/\\\/www.daijihi.org\\\/?page_id=1174\"]}]},{\"@type\":\"ImageObject\",\"inLanguage\":\"en-GB\",\"@id\":\"https:\\\/\\\/www.daijihi.org\\\/?page_id=1174#primaryimage\",\"url\":\"https:\\\/\\\/www.daijihi.org\\\/wp-content\\\/uploads\\\/2025\\\/10\\\/IMG_8100-scaled.jpg\",\"contentUrl\":\"https:\\\/\\\/www.daijihi.org\\\/wp-content\\\/uploads\\\/2025\\\/10\\\/IMG_8100-scaled.jpg\",\"width\":2560,\"height\":1920},{\"@type\":\"BreadcrumbList\",\"@id\":\"https:\\\/\\\/www.daijihi.org\\\/?page_id=1174#breadcrumb\",\"itemListElement\":[{\"@type\":\"ListItem\",\"position\":1,\"name\":\"Startseite\",\"item\":\"https:\\\/\\\/www.daijihi.org\\\/\"},{\"@type\":\"ListItem\",\"position\":2,\"name\":\"Rituale und spirituelle Begleitung\"}]},{\"@type\":\"WebSite\",\"@id\":\"https:\\\/\\\/www.daijihi.org\\\/#website\",\"url\":\"https:\\\/\\\/www.daijihi.org\\\/\",\"name\":\"Daijihi\",\"description\":\"\",\"publisher\":{\"@id\":\"https:\\\/\\\/www.daijihi.org\\\/#organization\"},\"potentialAction\":[{\"@type\":\"SearchAction\",\"target\":{\"@type\":\"EntryPoint\",\"urlTemplate\":\"https:\\\/\\\/www.daijihi.org\\\/?s={search_term_string}\"},\"query-input\":{\"@type\":\"PropertyValueSpecification\",\"valueRequired\":true,\"valueName\":\"search_term_string\"}}],\"inLanguage\":\"en-GB\"},{\"@type\":\"Organization\",\"@id\":\"https:\\\/\\\/www.daijihi.org\\\/#organization\",\"name\":\"Daijihi\",\"url\":\"https:\\\/\\\/www.daijihi.org\\\/\",\"logo\":{\"@type\":\"ImageObject\",\"inLanguage\":\"en-GB\",\"@id\":\"https:\\\/\\\/www.daijihi.org\\\/#\\\/schema\\\/logo\\\/image\\\/\",\"url\":\"https:\\\/\\\/www.daijihi.org\\\/wp-content\\\/uploads\\\/2025\\\/10\\\/photo_2025-10-12-15.40.12.jpeg\",\"contentUrl\":\"https:\\\/\\\/www.daijihi.org\\\/wp-content\\\/uploads\\\/2025\\\/10\\\/photo_2025-10-12-15.40.12.jpeg\",\"width\":1280,\"height\":668,\"caption\":\"Daijihi\"},\"image\":{\"@id\":\"https:\\\/\\\/www.daijihi.org\\\/#\\\/schema\\\/logo\\\/image\\\/\"}}]}<\/script>\n<!-- \/ Yoast SEO plugin. -->","yoast_head_json":{"title":"Rituale und spirituelle Begleitung - Daijihi","robots":{"index":"noindex","follow":"follow","max-snippet":"max-snippet:-1","max-image-preview":"max-image-preview:large","max-video-preview":"max-video-preview:-1"},"og_locale":"en_GB","og_type":"article","og_title":"Rituale und spirituelle Begleitung - Daijihi","og_description":"Im Westen sind buddhistische Gruppen zumeist eingeschworene Gemeinschaften, die sich privat oder in Zentren treffen, um zu meditieren oder zu diskutieren. In Japan (und anderen asiatischen L\u00e4ndern) hingegen ist die buddhistische Sangha ganz anders pr\u00e4sent: wichtige Lebensereignisse wie Geburten, Hochzeiten oder Trauerf\u00e4lle werden von buddhistischen Priesterinnen und Priestern begleitet. Diese lebendige Tradition m\u00f6chten wir hier [&hellip;]","og_url":"https:\/\/www.daijihi.org\/?page_id=1174","og_site_name":"Daijihi","article_modified_time":"2025-11-13T18:31:15+00:00","twitter_card":"summary_large_image","schema":{"@context":"https:\/\/schema.org","@graph":[{"@type":"WebPage","@id":"https:\/\/www.daijihi.org\/?page_id=1174","url":"https:\/\/www.daijihi.org\/?page_id=1174","name":"Rituale und spirituelle Begleitung - Daijihi","isPartOf":{"@id":"https:\/\/www.daijihi.org\/#website"},"primaryImageOfPage":{"@id":"https:\/\/www.daijihi.org\/?page_id=1174#primaryimage"},"image":{"@id":"https:\/\/www.daijihi.org\/?page_id=1174#primaryimage"},"thumbnailUrl":"https:\/\/www.daijihi.org\/wp-content\/uploads\/2025\/10\/IMG_8100-1024x768.jpg","datePublished":"2025-10-18T10:23:01+00:00","dateModified":"2025-11-13T18:31:15+00:00","breadcrumb":{"@id":"https:\/\/www.daijihi.org\/?page_id=1174#breadcrumb"},"inLanguage":"en-GB","potentialAction":[{"@type":"ReadAction","target":["https:\/\/www.daijihi.org\/?page_id=1174"]}]},{"@type":"ImageObject","inLanguage":"en-GB","@id":"https:\/\/www.daijihi.org\/?page_id=1174#primaryimage","url":"https:\/\/www.daijihi.org\/wp-content\/uploads\/2025\/10\/IMG_8100-scaled.jpg","contentUrl":"https:\/\/www.daijihi.org\/wp-content\/uploads\/2025\/10\/IMG_8100-scaled.jpg","width":2560,"height":1920},{"@type":"BreadcrumbList","@id":"https:\/\/www.daijihi.org\/?page_id=1174#breadcrumb","itemListElement":[{"@type":"ListItem","position":1,"name":"Startseite","item":"https:\/\/www.daijihi.org\/"},{"@type":"ListItem","position":2,"name":"Rituale und spirituelle Begleitung"}]},{"@type":"WebSite","@id":"https:\/\/www.daijihi.org\/#website","url":"https:\/\/www.daijihi.org\/","name":"Daijihi","description":"","publisher":{"@id":"https:\/\/www.daijihi.org\/#organization"},"potentialAction":[{"@type":"SearchAction","target":{"@type":"EntryPoint","urlTemplate":"https:\/\/www.daijihi.org\/?s={search_term_string}"},"query-input":{"@type":"PropertyValueSpecification","valueRequired":true,"valueName":"search_term_string"}}],"inLanguage":"en-GB"},{"@type":"Organization","@id":"https:\/\/www.daijihi.org\/#organization","name":"Daijihi","url":"https:\/\/www.daijihi.org\/","logo":{"@type":"ImageObject","inLanguage":"en-GB","@id":"https:\/\/www.daijihi.org\/#\/schema\/logo\/image\/","url":"https:\/\/www.daijihi.org\/wp-content\/uploads\/2025\/10\/photo_2025-10-12-15.40.12.jpeg","contentUrl":"https:\/\/www.daijihi.org\/wp-content\/uploads\/2025\/10\/photo_2025-10-12-15.40.12.jpeg","width":1280,"height":668,"caption":"Daijihi"},"image":{"@id":"https:\/\/www.daijihi.org\/#\/schema\/logo\/image\/"}}]}},"featured_media_urls":[],"_links":{"self":[{"href":"https:\/\/www.daijihi.org\/index.php?rest_route=\/wp\/v2\/pages\/1174","targetHints":{"allow":["GET"]}}],"collection":[{"href":"https:\/\/www.daijihi.org\/index.php?rest_route=\/wp\/v2\/pages"}],"about":[{"href":"https:\/\/www.daijihi.org\/index.php?rest_route=\/wp\/v2\/types\/page"}],"author":[{"embeddable":true,"href":"https:\/\/www.daijihi.org\/index.php?rest_route=\/wp\/v2\/users\/1"}],"replies":[{"embeddable":true,"href":"https:\/\/www.daijihi.org\/index.php?rest_route=%2Fwp%2Fv2%2Fcomments&post=1174"}],"version-history":[{"count":7,"href":"https:\/\/www.daijihi.org\/index.php?rest_route=\/wp\/v2\/pages\/1174\/revisions"}],"predecessor-version":[{"id":1316,"href":"https:\/\/www.daijihi.org\/index.php?rest_route=\/wp\/v2\/pages\/1174\/revisions\/1316"}],"wp:attachment":[{"href":"https:\/\/www.daijihi.org\/index.php?rest_route=%2Fwp%2Fv2%2Fmedia&parent=1174"}],"curies":[{"name":"wp","href":"https:\/\/api.w.org\/{rel}","templated":true}]}}