{"id":1177,"date":"2025-10-18T10:30:22","date_gmt":"2025-10-18T10:30:22","guid":{"rendered":"https:\/\/www.daijihi.org\/test\/?page_id=1177"},"modified":"2026-01-06T06:09:26","modified_gmt":"2026-01-06T06:09:26","slug":"sozialprojekt-daijihi-haus","status":"publish","type":"page","link":"https:\/\/www.daijihi.org\/?page_id=1177","title":{"rendered":"Sozialprojekt Daijihi Haus"},"content":{"rendered":"\n<figure class=\"wp-block-image aligncenter size-large\"><img loading=\"lazy\" decoding=\"async\" width=\"768\" height=\"1024\" src=\"https:\/\/www.daijihi.org\/wp-content\/uploads\/2025\/10\/IMG_4547-1-768x1024.jpg\" alt=\"\" class=\"wp-image-1259\"\/><\/figure>\n\n\n\n<p class=\"has-text-align-left\"><br>Viele Jahre war es uns ein Anliegen, einerseits mit Menschen gemeinsam zu praktizieren und gemeinsam zu leben und zu arbeiten und somit ein zeitgerechtes kl\u00f6sterliches Leben zu f\u00fchren, und andererseits dabei Menschen, die Unterst\u00fctzung brauchen, ein Dach \u00fcber dem Kopf zu bieten und ihnen mit unserer Praxis einen Rahmen zu geben, der st\u00fctzend, heilend und haltend wirkt. Im Daijihi-Haus ist diese Vision zur Wirklichkeit geworden \u2013 dank gro\u00dfz\u00fcgiger Spenden und der Zusammenarbeit unserer Sangha und von Menschen, die ebenfalls an diese Vision glauben.&nbsp;<br><br>F\u00fcr unsere Zen-Tempelgemeinschaft haben wir 2-3 drei Wohnm\u00f6glichkeiten f\u00fcr langfristige Aufenthalte und 2 G\u00e4stezimmer f\u00fcr kurzfristige Aufenthalte (please link to \u201eDein Aufenthalt\u201c)<\/p>\n\n\n\n<figure class=\"wp-block-image aligncenter size-large\"><img loading=\"lazy\" decoding=\"async\" width=\"768\" height=\"1024\" src=\"https:\/\/www.daijihi.org\/wp-content\/uploads\/2025\/10\/IMG_6582-768x1024.jpg\" alt=\"\" class=\"wp-image-1260\"\/><\/figure>\n\n\n\n<p class=\"has-text-align-left\">Wir m\u00f6chten bei uns keine Kopie eines japanischen Trainingsklosters aufbauen, denn das wird erstens hier nicht gebraucht und zweitens ist dies au\u00dferhalb Japans auch nicht m\u00f6glich. Die Sotoshu Shumucho versucht seit Jahren, einen Trainingstempel im Westen zu etablieren und es wird sicherlich noch lang dauern.&nbsp; Falls jemand den Wunsch hegt, authentische Soto-Zen-Klosterpraxis kennenzulernen, unterst\u00fctzen wir dies gerne und \u00f6ffnen den Weg.<\/p>\n\n\n\n<p class=\"has-text-align-left\">\u00dcblicherweise werden Kl\u00f6ster in Asien von ihrer Dorf\u2013 oder Stadtgemeinschaft unterst\u00fctzt und nat\u00fcrlich auch vom Staat. Wir haben zwar eine Sangha, aber diese ist zu klein, um uns zu erhalten, und staatliche F\u00f6rderung gibt es f\u00fcr uns nicht.<\/p>\n\n\n\n<p class=\"\"><\/p>\n\n\n\n<ul class=\"wp-block-list\">\n<li class=\"\">Die finanzielle Struktur unseres Projektes beruht auf drei S\u00e4ulen:<br>Spenden, dies sind institutionelle Spenden, (z. B. wurde unser der Kauf unseres Projekthauses von einer Stiftung getragen) und privaten Spenden; im Buddhismus sprechen wir von \u201eDana\u201c.<br>(Please insert a Link to subpage \u201eSpenden\u201c)<br><br><\/li>\n\n\n\n<li class=\"\">Mitgliedsbeitr\u00e4ge f\u00fcr unseren Verein, diese sind hoffentlich bald absetzbar, da wir als Mitglied des \u00d6BR prinzipiell als religi\u00f6s gelten \u2013 (Please insert a link to \u201eVerein\u201c)<br><br><\/li>\n\n\n\n<li class=\"\">Eink\u00fcnften aus unserer Arbeit. Dazu z\u00e4hlt vor allem unser Teegesch\u00e4ft \u201eShinkoko\u201c. Seit jeher sind Tempel auch Wirtschaftsbetriebe und was w\u00fcrde zu einem japanischen Tempel besser passen als Gr\u00fcntee und Matcha. Mehr findet ihr auf <a href=\"http:\/\/shinkoko.at\">shinkoko.at<\/a>.<\/li>\n<\/ul>\n","protected":false},"excerpt":{"rendered":"<p>Viele Jahre war es uns ein Anliegen, einerseits mit Menschen gemeinsam zu praktizieren und gemeinsam zu leben und zu arbeiten und somit ein zeitgerechtes kl\u00f6sterliches Leben zu f\u00fchren, und andererseits dabei Menschen, die Unterst\u00fctzung brauchen, ein Dach \u00fcber dem Kopf zu bieten und ihnen mit unserer Praxis einen Rahmen zu geben, der st\u00fctzend, heilend und [&hellip;]<\/p>\n","protected":false},"author":1,"featured_media":0,"parent":0,"menu_order":0,"comment_status":"closed","ping_status":"closed","template":"","meta":{"footnotes":""},"class_list":["post-1177","page","type-page","status-publish","hentry"],"yoast_head":"<!-- This site is optimized with the Yoast SEO plugin v27.6 - https:\/\/yoast.com\/product\/yoast-seo-wordpress\/ -->\n<title>Sozialprojekt Daijihi Haus - Daijihi<\/title>\n<meta name=\"robots\" content=\"noindex, follow, max-snippet:-1, max-image-preview:large, max-video-preview:-1\" \/>\n<meta property=\"og:locale\" content=\"en_GB\" \/>\n<meta property=\"og:type\" content=\"article\" \/>\n<meta property=\"og:title\" content=\"Sozialprojekt Daijihi Haus - Daijihi\" \/>\n<meta property=\"og:description\" content=\"Viele Jahre war es uns ein Anliegen, einerseits mit Menschen gemeinsam zu praktizieren und gemeinsam zu leben und zu arbeiten und somit ein zeitgerechtes kl\u00f6sterliches Leben zu f\u00fchren, und andererseits dabei Menschen, die Unterst\u00fctzung brauchen, ein Dach \u00fcber dem Kopf zu bieten und ihnen mit unserer Praxis einen Rahmen zu geben, der st\u00fctzend, heilend und [&hellip;]\" \/>\n<meta property=\"og:url\" content=\"https:\/\/www.daijihi.org\/?page_id=1177\" \/>\n<meta property=\"og:site_name\" content=\"Daijihi\" \/>\n<meta property=\"article:modified_time\" content=\"2026-01-06T06:09:26+00:00\" \/>\n<meta property=\"og:image\" content=\"https:\/\/www.daijihi.org\/wp-content\/uploads\/2025\/10\/IMG_4547-1-e1761410466787.jpg\" \/>\n\t<meta property=\"og:image:width\" content=\"548\" \/>\n\t<meta property=\"og:image:height\" content=\"731\" \/>\n\t<meta property=\"og:image:type\" content=\"image\/jpeg\" \/>\n<meta name=\"twitter:card\" content=\"summary_large_image\" \/>\n<script type=\"application\/ld+json\" class=\"yoast-schema-graph\">{\"@context\":\"https:\\\/\\\/schema.org\",\"@graph\":[{\"@type\":\"WebPage\",\"@id\":\"https:\\\/\\\/www.daijihi.org\\\/?page_id=1177\",\"url\":\"https:\\\/\\\/www.daijihi.org\\\/?page_id=1177\",\"name\":\"Sozialprojekt Daijihi Haus - Daijihi\",\"isPartOf\":{\"@id\":\"https:\\\/\\\/www.daijihi.org\\\/#website\"},\"primaryImageOfPage\":{\"@id\":\"https:\\\/\\\/www.daijihi.org\\\/?page_id=1177#primaryimage\"},\"image\":{\"@id\":\"https:\\\/\\\/www.daijihi.org\\\/?page_id=1177#primaryimage\"},\"thumbnailUrl\":\"https:\\\/\\\/www.daijihi.org\\\/wp-content\\\/uploads\\\/2025\\\/10\\\/IMG_4547-1-768x1024.jpg\",\"datePublished\":\"2025-10-18T10:30:22+00:00\",\"dateModified\":\"2026-01-06T06:09:26+00:00\",\"breadcrumb\":{\"@id\":\"https:\\\/\\\/www.daijihi.org\\\/?page_id=1177#breadcrumb\"},\"inLanguage\":\"en-GB\",\"potentialAction\":[{\"@type\":\"ReadAction\",\"target\":[\"https:\\\/\\\/www.daijihi.org\\\/?page_id=1177\"]}]},{\"@type\":\"ImageObject\",\"inLanguage\":\"en-GB\",\"@id\":\"https:\\\/\\\/www.daijihi.org\\\/?page_id=1177#primaryimage\",\"url\":\"https:\\\/\\\/www.daijihi.org\\\/wp-content\\\/uploads\\\/2025\\\/10\\\/IMG_4547-1-e1761410466787.jpg\",\"contentUrl\":\"https:\\\/\\\/www.daijihi.org\\\/wp-content\\\/uploads\\\/2025\\\/10\\\/IMG_4547-1-e1761410466787.jpg\",\"width\":548,\"height\":731},{\"@type\":\"BreadcrumbList\",\"@id\":\"https:\\\/\\\/www.daijihi.org\\\/?page_id=1177#breadcrumb\",\"itemListElement\":[{\"@type\":\"ListItem\",\"position\":1,\"name\":\"Startseite\",\"item\":\"https:\\\/\\\/www.daijihi.org\\\/\"},{\"@type\":\"ListItem\",\"position\":2,\"name\":\"Sozialprojekt Daijihi Haus\"}]},{\"@type\":\"WebSite\",\"@id\":\"https:\\\/\\\/www.daijihi.org\\\/#website\",\"url\":\"https:\\\/\\\/www.daijihi.org\\\/\",\"name\":\"Daijihi\",\"description\":\"\",\"publisher\":{\"@id\":\"https:\\\/\\\/www.daijihi.org\\\/#organization\"},\"potentialAction\":[{\"@type\":\"SearchAction\",\"target\":{\"@type\":\"EntryPoint\",\"urlTemplate\":\"https:\\\/\\\/www.daijihi.org\\\/?s={search_term_string}\"},\"query-input\":{\"@type\":\"PropertyValueSpecification\",\"valueRequired\":true,\"valueName\":\"search_term_string\"}}],\"inLanguage\":\"en-GB\"},{\"@type\":\"Organization\",\"@id\":\"https:\\\/\\\/www.daijihi.org\\\/#organization\",\"name\":\"Daijihi\",\"url\":\"https:\\\/\\\/www.daijihi.org\\\/\",\"logo\":{\"@type\":\"ImageObject\",\"inLanguage\":\"en-GB\",\"@id\":\"https:\\\/\\\/www.daijihi.org\\\/#\\\/schema\\\/logo\\\/image\\\/\",\"url\":\"https:\\\/\\\/www.daijihi.org\\\/wp-content\\\/uploads\\\/2025\\\/10\\\/photo_2025-10-12-15.40.12.jpeg\",\"contentUrl\":\"https:\\\/\\\/www.daijihi.org\\\/wp-content\\\/uploads\\\/2025\\\/10\\\/photo_2025-10-12-15.40.12.jpeg\",\"width\":1280,\"height\":668,\"caption\":\"Daijihi\"},\"image\":{\"@id\":\"https:\\\/\\\/www.daijihi.org\\\/#\\\/schema\\\/logo\\\/image\\\/\"}}]}<\/script>\n<!-- \/ Yoast SEO plugin. -->","yoast_head_json":{"title":"Sozialprojekt Daijihi Haus - Daijihi","robots":{"index":"noindex","follow":"follow","max-snippet":"max-snippet:-1","max-image-preview":"max-image-preview:large","max-video-preview":"max-video-preview:-1"},"og_locale":"en_GB","og_type":"article","og_title":"Sozialprojekt Daijihi Haus - Daijihi","og_description":"Viele Jahre war es uns ein Anliegen, einerseits mit Menschen gemeinsam zu praktizieren und gemeinsam zu leben und zu arbeiten und somit ein zeitgerechtes kl\u00f6sterliches Leben zu f\u00fchren, und andererseits dabei Menschen, die Unterst\u00fctzung brauchen, ein Dach \u00fcber dem Kopf zu bieten und ihnen mit unserer Praxis einen Rahmen zu geben, der st\u00fctzend, heilend und [&hellip;]","og_url":"https:\/\/www.daijihi.org\/?page_id=1177","og_site_name":"Daijihi","article_modified_time":"2026-01-06T06:09:26+00:00","og_image":[{"width":548,"height":731,"url":"https:\/\/www.daijihi.org\/wp-content\/uploads\/2025\/10\/IMG_4547-1-e1761410466787.jpg","type":"image\/jpeg"}],"twitter_card":"summary_large_image","schema":{"@context":"https:\/\/schema.org","@graph":[{"@type":"WebPage","@id":"https:\/\/www.daijihi.org\/?page_id=1177","url":"https:\/\/www.daijihi.org\/?page_id=1177","name":"Sozialprojekt Daijihi Haus - Daijihi","isPartOf":{"@id":"https:\/\/www.daijihi.org\/#website"},"primaryImageOfPage":{"@id":"https:\/\/www.daijihi.org\/?page_id=1177#primaryimage"},"image":{"@id":"https:\/\/www.daijihi.org\/?page_id=1177#primaryimage"},"thumbnailUrl":"https:\/\/www.daijihi.org\/wp-content\/uploads\/2025\/10\/IMG_4547-1-768x1024.jpg","datePublished":"2025-10-18T10:30:22+00:00","dateModified":"2026-01-06T06:09:26+00:00","breadcrumb":{"@id":"https:\/\/www.daijihi.org\/?page_id=1177#breadcrumb"},"inLanguage":"en-GB","potentialAction":[{"@type":"ReadAction","target":["https:\/\/www.daijihi.org\/?page_id=1177"]}]},{"@type":"ImageObject","inLanguage":"en-GB","@id":"https:\/\/www.daijihi.org\/?page_id=1177#primaryimage","url":"https:\/\/www.daijihi.org\/wp-content\/uploads\/2025\/10\/IMG_4547-1-e1761410466787.jpg","contentUrl":"https:\/\/www.daijihi.org\/wp-content\/uploads\/2025\/10\/IMG_4547-1-e1761410466787.jpg","width":548,"height":731},{"@type":"BreadcrumbList","@id":"https:\/\/www.daijihi.org\/?page_id=1177#breadcrumb","itemListElement":[{"@type":"ListItem","position":1,"name":"Startseite","item":"https:\/\/www.daijihi.org\/"},{"@type":"ListItem","position":2,"name":"Sozialprojekt Daijihi Haus"}]},{"@type":"WebSite","@id":"https:\/\/www.daijihi.org\/#website","url":"https:\/\/www.daijihi.org\/","name":"Daijihi","description":"","publisher":{"@id":"https:\/\/www.daijihi.org\/#organization"},"potentialAction":[{"@type":"SearchAction","target":{"@type":"EntryPoint","urlTemplate":"https:\/\/www.daijihi.org\/?s={search_term_string}"},"query-input":{"@type":"PropertyValueSpecification","valueRequired":true,"valueName":"search_term_string"}}],"inLanguage":"en-GB"},{"@type":"Organization","@id":"https:\/\/www.daijihi.org\/#organization","name":"Daijihi","url":"https:\/\/www.daijihi.org\/","logo":{"@type":"ImageObject","inLanguage":"en-GB","@id":"https:\/\/www.daijihi.org\/#\/schema\/logo\/image\/","url":"https:\/\/www.daijihi.org\/wp-content\/uploads\/2025\/10\/photo_2025-10-12-15.40.12.jpeg","contentUrl":"https:\/\/www.daijihi.org\/wp-content\/uploads\/2025\/10\/photo_2025-10-12-15.40.12.jpeg","width":1280,"height":668,"caption":"Daijihi"},"image":{"@id":"https:\/\/www.daijihi.org\/#\/schema\/logo\/image\/"}}]}},"featured_media_urls":[],"_links":{"self":[{"href":"https:\/\/www.daijihi.org\/index.php?rest_route=\/wp\/v2\/pages\/1177","targetHints":{"allow":["GET"]}}],"collection":[{"href":"https:\/\/www.daijihi.org\/index.php?rest_route=\/wp\/v2\/pages"}],"about":[{"href":"https:\/\/www.daijihi.org\/index.php?rest_route=\/wp\/v2\/types\/page"}],"author":[{"embeddable":true,"href":"https:\/\/www.daijihi.org\/index.php?rest_route=\/wp\/v2\/users\/1"}],"replies":[{"embeddable":true,"href":"https:\/\/www.daijihi.org\/index.php?rest_route=%2Fwp%2Fv2%2Fcomments&post=1177"}],"version-history":[{"count":6,"href":"https:\/\/www.daijihi.org\/index.php?rest_route=\/wp\/v2\/pages\/1177\/revisions"}],"predecessor-version":[{"id":1261,"href":"https:\/\/www.daijihi.org\/index.php?rest_route=\/wp\/v2\/pages\/1177\/revisions\/1261"}],"wp:attachment":[{"href":"https:\/\/www.daijihi.org\/index.php?rest_route=%2Fwp%2Fv2%2Fmedia&parent=1177"}],"curies":[{"name":"wp","href":"https:\/\/api.w.org\/{rel}","templated":true}]}}