{"id":435,"date":"2023-02-25T13:23:39","date_gmt":"2023-02-25T13:23:39","guid":{"rendered":"https:\/\/busy-davinci.89-22-123-149.plesk.page\/?page_id=435"},"modified":"2026-04-19T14:36:57","modified_gmt":"2026-04-19T14:36:57","slug":"kommende-veranstaltungen","status":"publish","type":"page","link":"https:\/\/www.daijihi.org\/?page_id=435","title":{"rendered":"Kommende Veranstaltungen"},"content":{"rendered":"\n<h2 class=\"wp-block-heading has-text-align-left\">14.-17.5. Sesshin im Soto-Zen-Stil<\/h2>\n\n\n\n<h3 class=\"wp-block-heading has-text-align-left\">Beginn am Vorabend, 13.5.<\/h3>\n\n\n\n<figure class=\"wp-block-image size-large\"><img loading=\"lazy\" decoding=\"async\" width=\"1024\" height=\"1024\" src=\"https:\/\/www.daijihi.org\/wp-content\/uploads\/2025\/01\/oryoki-1024x1024.jpg\" alt=\"\" class=\"wp-image-877\"\/><\/figure>\n\n\n\n<p class=\"\">Download <strong><a href=\"https:\/\/www.daijihi.org\/wp-content\/uploads\/2025\/10\/Zeitplan-Sesshin.pdf\">Zeitplan Sesshin<\/a><\/strong><br><br><strong>Kosten<\/strong>: 160&nbsp;Euro Basispreis<br><strong>Preise f\u00fcr \u00dcbernachtung:<\/strong><br>Im Zendo: gratis<br>Im G\u00e4stezimmer: +30 \u20ac<br><br><strong>Unbedingt voranmelden<\/strong>: info@daijihi.org \/ 0650 3554835<\/p>\n\n\n\n<hr class=\"wp-block-separator has-alpha-channel-opacity\"\/>\n\n\n\n<h2 class=\"wp-block-heading has-text-align-left\">Rakusu-Retreat<br>3.-5. Juli 2026<\/h2>\n\n\n\n<h3 class=\"wp-block-heading has-text-align-left\">mit Shinko Andreas Hagn und Reiyo Christina Stuckert<\/h3>\n\n\n\n<figure class=\"wp-block-image size-large\"><img loading=\"lazy\" decoding=\"async\" width=\"768\" height=\"1024\" src=\"https:\/\/www.daijihi.org\/wp-content\/uploads\/2026\/03\/pine-needle-stitch-768x1024.jpg\" alt=\"\" class=\"wp-image-1384\" srcset=\"https:\/\/www.daijihi.org\/wp-content\/uploads\/2026\/03\/pine-needle-stitch-768x1024.jpg 768w, https:\/\/www.daijihi.org\/wp-content\/uploads\/2026\/03\/pine-needle-stitch-225x300.jpg 225w, https:\/\/www.daijihi.org\/wp-content\/uploads\/2026\/03\/pine-needle-stitch.jpg 960w\" sizes=\"auto, (max-width: 768px) 100vw, 768px\" \/><\/figure>\n\n\n\n<p class=\"\">Das &#8220;Rakusu&#8221; ist die verkleinerte Form des 5-b\u00e4ndigen O-Kesas und wird im Soto-Zen oft die <strong>&#8220;kleine Robe&#8221;<\/strong>&nbsp;genannt.<br><br>Es entstand in der Edo-Zeit als &#8220;verkleinertes&#8221; Gewand, das einfach bei der Arbeit getragen werden kann. Neben diesen praktischen Gr\u00fcnden setzte es sich auch als Symbol f\u00fcr die <strong>Laien-Ordination<\/strong> durch, die damals immer popul\u00e4rer wurde.<br>&nbsp;<br>Das Rakusu ist die <strong>erste Manifestation der Gel\u00fcbde<\/strong>. Man empf\u00e4ngt es w\u00e4hrend der Jukai-e, der Laienordination. In der Sanshin-Linie legen Laien und Vollordinierte dieselben Gel\u00fcbde ab. Die Unterschiede zwischen Laien- und M\u00f6nchsordination erkl\u00e4rt euch Shinko gerne in einem pers\u00f6nlichen Gespr\u00e4ch. Der Prozess des Rakusu-N\u00e4hens ist auf vielen Ebenen eine <strong>Vorbereitung auf das Ablegen der Gel\u00fcbde.&nbsp;<\/strong><\/p>\n\n\n\n<p class=\"\">Neben der praktischen N\u00e4h-Praxis wird es auch <strong>zwei Vortr\u00e4ge <\/strong>geben.<strong><br>Shinko <\/strong>erl\u00e4utert&nbsp;die<strong>&nbsp;Bedeutung der Gel\u00fcbde<\/strong>.<br><strong>Reiyo<\/strong>&nbsp;spricht \u00fcber das O-Kesa, seine Herkunft und das &nbsp;<strong>Rakusu als besondere Form des Kesas<\/strong>.&nbsp;<\/p>\n\n\n\n<p class=\"\"><strong>Basiskosten Retreat&nbsp;und Verpflegung:<\/strong><br>150-200 \u20ac* (zzgl. Materialkosten)<br><br><strong>\u00dcbernachtung<\/strong><br>im Zendo: gratis<br>im G\u00e4stezimmer: 30 bzw. 50 Euro.<br><br><em>N\u00e4here Infos (Uhrzeit etc.) folgen zeitnah<\/em><br><br><strong>Bitte verbindlich voranmelden:<\/strong><br><a href=\"mailto:info@daijihi.org\" target=\"_blank\" rel=\"noreferrer noopener\">info@daijihi.org<\/a><br>+43 650 3554835<br><br>*je nach finanzieller Situation k\u00f6nnen wrir die Preise anpassen. Sprecht uns an.<\/p>\n","protected":false},"excerpt":{"rendered":"<p>14.-17.5. Sesshin im Soto-Zen-Stil Beginn am Vorabend, 13.5. Download Zeitplan Sesshin Kosten: 160&nbsp;Euro BasispreisPreise f\u00fcr \u00dcbernachtung:Im Zendo: gratisIm G\u00e4stezimmer: +30 \u20ac Unbedingt voranmelden: info@daijihi.org \/ 0650 3554835 Rakusu-Retreat3.-5. Juli 2026 mit Shinko Andreas Hagn und Reiyo Christina Stuckert Das &#8220;Rakusu&#8221; ist die verkleinerte Form des 5-b\u00e4ndigen O-Kesas und wird im Soto-Zen oft die &#8220;kleine Robe&#8221;&nbsp;genannt. [&hellip;]<\/p>\n","protected":false},"author":1,"featured_media":0,"parent":0,"menu_order":0,"comment_status":"closed","ping_status":"closed","template":"","meta":{"footnotes":""},"class_list":["post-435","page","type-page","status-publish","hentry"],"yoast_head":"<!-- This site is optimized with the Yoast SEO plugin v27.6 - https:\/\/yoast.com\/product\/yoast-seo-wordpress\/ -->\n<title>Kommende Veranstaltungen - Daijihi<\/title>\n<meta name=\"robots\" content=\"noindex, follow, max-snippet:-1, max-image-preview:large, max-video-preview:-1\" \/>\n<meta property=\"og:locale\" content=\"en_GB\" \/>\n<meta property=\"og:type\" content=\"article\" \/>\n<meta property=\"og:title\" content=\"Kommende Veranstaltungen - Daijihi\" \/>\n<meta property=\"og:description\" content=\"14.-17.5. Sesshin im Soto-Zen-Stil Beginn am Vorabend, 13.5. Download Zeitplan Sesshin Kosten: 160&nbsp;Euro BasispreisPreise f\u00fcr \u00dcbernachtung:Im Zendo: gratisIm G\u00e4stezimmer: +30 \u20ac Unbedingt voranmelden: info@daijihi.org \/ 0650 3554835 Rakusu-Retreat3.-5. Juli 2026 mit Shinko Andreas Hagn und Reiyo Christina Stuckert Das &#8220;Rakusu&#8221; ist die verkleinerte Form des 5-b\u00e4ndigen O-Kesas und wird im Soto-Zen oft die &#8220;kleine Robe&#8221;&nbsp;genannt. [&hellip;]\" \/>\n<meta property=\"og:url\" content=\"https:\/\/www.daijihi.org\/?page_id=435\" \/>\n<meta property=\"og:site_name\" content=\"Daijihi\" \/>\n<meta property=\"article:modified_time\" content=\"2026-04-19T14:36:57+00:00\" \/>\n<meta property=\"og:image\" content=\"https:\/\/www.daijihi.org\/wp-content\/uploads\/2025\/01\/oryoki-e1761326821670.jpg\" \/>\n\t<meta property=\"og:image:width\" content=\"548\" \/>\n\t<meta property=\"og:image:height\" content=\"548\" \/>\n\t<meta property=\"og:image:type\" content=\"image\/jpeg\" \/>\n<meta name=\"twitter:card\" content=\"summary_large_image\" \/>\n<meta name=\"twitter:label1\" content=\"Estimated reading time\" \/>\n\t<meta name=\"twitter:data1\" content=\"2 minutes\" \/>\n<script type=\"application\/ld+json\" class=\"yoast-schema-graph\">{\"@context\":\"https:\\\/\\\/schema.org\",\"@graph\":[{\"@type\":\"WebPage\",\"@id\":\"https:\\\/\\\/www.daijihi.org\\\/?page_id=435\",\"url\":\"https:\\\/\\\/www.daijihi.org\\\/?page_id=435\",\"name\":\"Kommende Veranstaltungen - Daijihi\",\"isPartOf\":{\"@id\":\"https:\\\/\\\/www.daijihi.org\\\/#website\"},\"primaryImageOfPage\":{\"@id\":\"https:\\\/\\\/www.daijihi.org\\\/?page_id=435#primaryimage\"},\"image\":{\"@id\":\"https:\\\/\\\/www.daijihi.org\\\/?page_id=435#primaryimage\"},\"thumbnailUrl\":\"https:\\\/\\\/www.daijihi.org\\\/wp-content\\\/uploads\\\/2025\\\/01\\\/oryoki-1024x1024.jpg\",\"datePublished\":\"2023-02-25T13:23:39+00:00\",\"dateModified\":\"2026-04-19T14:36:57+00:00\",\"breadcrumb\":{\"@id\":\"https:\\\/\\\/www.daijihi.org\\\/?page_id=435#breadcrumb\"},\"inLanguage\":\"en-GB\",\"potentialAction\":[{\"@type\":\"ReadAction\",\"target\":[\"https:\\\/\\\/www.daijihi.org\\\/?page_id=435\"]}]},{\"@type\":\"ImageObject\",\"inLanguage\":\"en-GB\",\"@id\":\"https:\\\/\\\/www.daijihi.org\\\/?page_id=435#primaryimage\",\"url\":\"https:\\\/\\\/www.daijihi.org\\\/wp-content\\\/uploads\\\/2025\\\/01\\\/oryoki-e1761326821670.jpg\",\"contentUrl\":\"https:\\\/\\\/www.daijihi.org\\\/wp-content\\\/uploads\\\/2025\\\/01\\\/oryoki-e1761326821670.jpg\",\"width\":548,\"height\":548},{\"@type\":\"BreadcrumbList\",\"@id\":\"https:\\\/\\\/www.daijihi.org\\\/?page_id=435#breadcrumb\",\"itemListElement\":[{\"@type\":\"ListItem\",\"position\":1,\"name\":\"Startseite\",\"item\":\"https:\\\/\\\/www.daijihi.org\\\/\"},{\"@type\":\"ListItem\",\"position\":2,\"name\":\"Kommende Veranstaltungen\"}]},{\"@type\":\"WebSite\",\"@id\":\"https:\\\/\\\/www.daijihi.org\\\/#website\",\"url\":\"https:\\\/\\\/www.daijihi.org\\\/\",\"name\":\"Daijihi\",\"description\":\"\",\"publisher\":{\"@id\":\"https:\\\/\\\/www.daijihi.org\\\/#organization\"},\"potentialAction\":[{\"@type\":\"SearchAction\",\"target\":{\"@type\":\"EntryPoint\",\"urlTemplate\":\"https:\\\/\\\/www.daijihi.org\\\/?s={search_term_string}\"},\"query-input\":{\"@type\":\"PropertyValueSpecification\",\"valueRequired\":true,\"valueName\":\"search_term_string\"}}],\"inLanguage\":\"en-GB\"},{\"@type\":\"Organization\",\"@id\":\"https:\\\/\\\/www.daijihi.org\\\/#organization\",\"name\":\"Daijihi\",\"url\":\"https:\\\/\\\/www.daijihi.org\\\/\",\"logo\":{\"@type\":\"ImageObject\",\"inLanguage\":\"en-GB\",\"@id\":\"https:\\\/\\\/www.daijihi.org\\\/#\\\/schema\\\/logo\\\/image\\\/\",\"url\":\"https:\\\/\\\/www.daijihi.org\\\/wp-content\\\/uploads\\\/2025\\\/10\\\/photo_2025-10-12-15.40.12.jpeg\",\"contentUrl\":\"https:\\\/\\\/www.daijihi.org\\\/wp-content\\\/uploads\\\/2025\\\/10\\\/photo_2025-10-12-15.40.12.jpeg\",\"width\":1280,\"height\":668,\"caption\":\"Daijihi\"},\"image\":{\"@id\":\"https:\\\/\\\/www.daijihi.org\\\/#\\\/schema\\\/logo\\\/image\\\/\"}}]}<\/script>\n<!-- \/ Yoast SEO plugin. -->","yoast_head_json":{"title":"Kommende Veranstaltungen - Daijihi","robots":{"index":"noindex","follow":"follow","max-snippet":"max-snippet:-1","max-image-preview":"max-image-preview:large","max-video-preview":"max-video-preview:-1"},"og_locale":"en_GB","og_type":"article","og_title":"Kommende Veranstaltungen - Daijihi","og_description":"14.-17.5. Sesshin im Soto-Zen-Stil Beginn am Vorabend, 13.5. Download Zeitplan Sesshin Kosten: 160&nbsp;Euro BasispreisPreise f\u00fcr \u00dcbernachtung:Im Zendo: gratisIm G\u00e4stezimmer: +30 \u20ac Unbedingt voranmelden: info@daijihi.org \/ 0650 3554835 Rakusu-Retreat3.-5. Juli 2026 mit Shinko Andreas Hagn und Reiyo Christina Stuckert Das &#8220;Rakusu&#8221; ist die verkleinerte Form des 5-b\u00e4ndigen O-Kesas und wird im Soto-Zen oft die &#8220;kleine Robe&#8221;&nbsp;genannt. [&hellip;]","og_url":"https:\/\/www.daijihi.org\/?page_id=435","og_site_name":"Daijihi","article_modified_time":"2026-04-19T14:36:57+00:00","og_image":[{"width":548,"height":548,"url":"https:\/\/www.daijihi.org\/wp-content\/uploads\/2025\/01\/oryoki-e1761326821670.jpg","type":"image\/jpeg"}],"twitter_card":"summary_large_image","twitter_misc":{"Estimated reading time":"2 minutes"},"schema":{"@context":"https:\/\/schema.org","@graph":[{"@type":"WebPage","@id":"https:\/\/www.daijihi.org\/?page_id=435","url":"https:\/\/www.daijihi.org\/?page_id=435","name":"Kommende Veranstaltungen - Daijihi","isPartOf":{"@id":"https:\/\/www.daijihi.org\/#website"},"primaryImageOfPage":{"@id":"https:\/\/www.daijihi.org\/?page_id=435#primaryimage"},"image":{"@id":"https:\/\/www.daijihi.org\/?page_id=435#primaryimage"},"thumbnailUrl":"https:\/\/www.daijihi.org\/wp-content\/uploads\/2025\/01\/oryoki-1024x1024.jpg","datePublished":"2023-02-25T13:23:39+00:00","dateModified":"2026-04-19T14:36:57+00:00","breadcrumb":{"@id":"https:\/\/www.daijihi.org\/?page_id=435#breadcrumb"},"inLanguage":"en-GB","potentialAction":[{"@type":"ReadAction","target":["https:\/\/www.daijihi.org\/?page_id=435"]}]},{"@type":"ImageObject","inLanguage":"en-GB","@id":"https:\/\/www.daijihi.org\/?page_id=435#primaryimage","url":"https:\/\/www.daijihi.org\/wp-content\/uploads\/2025\/01\/oryoki-e1761326821670.jpg","contentUrl":"https:\/\/www.daijihi.org\/wp-content\/uploads\/2025\/01\/oryoki-e1761326821670.jpg","width":548,"height":548},{"@type":"BreadcrumbList","@id":"https:\/\/www.daijihi.org\/?page_id=435#breadcrumb","itemListElement":[{"@type":"ListItem","position":1,"name":"Startseite","item":"https:\/\/www.daijihi.org\/"},{"@type":"ListItem","position":2,"name":"Kommende Veranstaltungen"}]},{"@type":"WebSite","@id":"https:\/\/www.daijihi.org\/#website","url":"https:\/\/www.daijihi.org\/","name":"Daijihi","description":"","publisher":{"@id":"https:\/\/www.daijihi.org\/#organization"},"potentialAction":[{"@type":"SearchAction","target":{"@type":"EntryPoint","urlTemplate":"https:\/\/www.daijihi.org\/?s={search_term_string}"},"query-input":{"@type":"PropertyValueSpecification","valueRequired":true,"valueName":"search_term_string"}}],"inLanguage":"en-GB"},{"@type":"Organization","@id":"https:\/\/www.daijihi.org\/#organization","name":"Daijihi","url":"https:\/\/www.daijihi.org\/","logo":{"@type":"ImageObject","inLanguage":"en-GB","@id":"https:\/\/www.daijihi.org\/#\/schema\/logo\/image\/","url":"https:\/\/www.daijihi.org\/wp-content\/uploads\/2025\/10\/photo_2025-10-12-15.40.12.jpeg","contentUrl":"https:\/\/www.daijihi.org\/wp-content\/uploads\/2025\/10\/photo_2025-10-12-15.40.12.jpeg","width":1280,"height":668,"caption":"Daijihi"},"image":{"@id":"https:\/\/www.daijihi.org\/#\/schema\/logo\/image\/"}}]}},"featured_media_urls":[],"_links":{"self":[{"href":"https:\/\/www.daijihi.org\/index.php?rest_route=\/wp\/v2\/pages\/435","targetHints":{"allow":["GET"]}}],"collection":[{"href":"https:\/\/www.daijihi.org\/index.php?rest_route=\/wp\/v2\/pages"}],"about":[{"href":"https:\/\/www.daijihi.org\/index.php?rest_route=\/wp\/v2\/types\/page"}],"author":[{"embeddable":true,"href":"https:\/\/www.daijihi.org\/index.php?rest_route=\/wp\/v2\/users\/1"}],"replies":[{"embeddable":true,"href":"https:\/\/www.daijihi.org\/index.php?rest_route=%2Fwp%2Fv2%2Fcomments&post=435"}],"version-history":[{"count":73,"href":"https:\/\/www.daijihi.org\/index.php?rest_route=\/wp\/v2\/pages\/435\/revisions"}],"predecessor-version":[{"id":1395,"href":"https:\/\/www.daijihi.org\/index.php?rest_route=\/wp\/v2\/pages\/435\/revisions\/1395"}],"wp:attachment":[{"href":"https:\/\/www.daijihi.org\/index.php?rest_route=%2Fwp%2Fv2%2Fmedia&parent=435"}],"curies":[{"name":"wp","href":"https:\/\/api.w.org\/{rel}","templated":true}]}}