{"id":439,"date":"2023-02-25T13:34:00","date_gmt":"2023-02-25T13:34:00","guid":{"rendered":"https:\/\/busy-davinci.89-22-123-149.plesk.page\/?page_id=439"},"modified":"2026-04-15T15:48:17","modified_gmt":"2026-04-15T15:48:17","slug":"regelmaessige-praxiszeiten","status":"publish","type":"page","link":"https:\/\/www.daijihi.org\/?page_id=439","title":{"rendered":"Regelm\u00e4\u00dfige Praxiszeiten"},"content":{"rendered":"\n<figure class=\"wp-block-image aligncenter size-full\" style=\"margin-right:0;margin-left:0\"><img decoding=\"async\" src=\"https:\/\/www.daijihi.org\/wp-content\/uploads\/2025\/09\/photo_5303491854542698740_y-e1757680590637.jpg\" alt=\"\" class=\"wp-image-1039\" style=\"object-fit:cover\"\/><\/figure>\n\n\n\n<div style=\"height:30px\" aria-hidden=\"true\" class=\"wp-block-spacer\"><\/div>\n\n\n\n<p class=\"has-text-align-center has-medium-font-size\"><strong>Die meisten unserer Veranstaltungen sind hybrid. \u00dcber das Kalendertool k\u00f6nnt ihr direkt einsteigen.<\/strong><\/p>\n\n\n\n<div style=\"height:30px\" aria-hidden=\"true\" class=\"wp-block-spacer\"><\/div>\n\n\n\n<p class=\"has-text-align-center has-foreground-color has-secondary-background-color has-text-color has-background has-link-color wp-elements-1700b4db79ddd6e56d3c4b867af8dc51\">Vorank\u00fcndigung<br><strong>Tempel geschlossen<\/strong><br>30.April.-3. Mai<\/p>\n\n\n\n<div class=\"\"><iframe class=\"aligncenter\" src=\"https:\/\/outlook.office365.com\/calendar\/published\/775a7dbd2acb463aa3d7effd386c850e@daijihi.org\/ab9c781031ff495db6cd18d4e98e841517018672895188636801\/calendar.html\"><\/iframe><\/div>\n\n\n\n<figure class=\"wp-block-image aligncenter size-full has-custom-border is-style-default\" style=\"margin-top:0;margin-bottom:0\"><img loading=\"lazy\" decoding=\"async\" width=\"548\" height=\"731\" src=\"https:\/\/www.daijihi.org\/wp-content\/uploads\/2025\/10\/IMG_3947-e1761326947550.jpg\" alt=\"\" class=\"wp-image-1225\" style=\"border-style:none;border-width:0px;border-radius:0px;object-fit:cover\"\/><\/figure>\n\n\n\n<div class=\"wp-block-group is-layout-constrained wp-block-group-is-layout-constrained\">\n<h3 class=\"wp-block-heading\">Mittwoch<\/h3>\n\n\n\n<ul class=\"wp-block-list\">\n<li class=\"\"><strong>Zazen:&nbsp;<\/strong>06:20-07:15<\/li>\n\n\n\n<li class=\"\"><strong>Qigong<\/strong>: 09:30-10:30<\/li>\n<\/ul>\n<\/div>\n\n\n\n<div class=\"wp-block-group is-layout-constrained wp-block-group-is-layout-constrained\">\n<h3 class=\"wp-block-heading\"><strong>Donnerstag<\/strong><\/h3>\n\n\n\n<ul class=\"wp-block-list\">\n<li class=\"\"><strong>Zazen<\/strong>: 06:20-07:15<\/li>\n<\/ul>\n<\/div>\n\n\n\n<div class=\"wp-block-group is-layout-constrained wp-block-group-is-layout-constrained\">\n<h3 class=\"wp-block-heading\"><strong>Freitag<\/strong><\/h3>\n\n\n\n<ul class=\"wp-block-list\">\n<li class=\"\"><strong>Zazen:&nbsp;<\/strong>06:20-07:15<\/li>\n\n\n\n<li class=\"\"><strong>Zazen + Buchclub<\/strong>: 19:00-20:45<\/li>\n<\/ul>\n<\/div>\n\n\n\n<div class=\"wp-block-group is-layout-constrained wp-block-group-is-layout-constrained\">\n<h3 class=\"wp-block-heading\">Samstag<\/h3>\n\n\n\n<ul class=\"wp-block-list\">\n<li class=\"\"><strong>Zazen + <strong>Zeremonie<\/strong>:&nbsp;<\/strong>06:20-08:20<\/li>\n<\/ul>\n<\/div>\n\n\n\n<h3 class=\"wp-block-heading\"><strong>Unregelm\u00e4\u00dfig am Sonntag (Termine bitte Kalender entnehmen)<\/strong><\/h3>\n\n\n\n<ul class=\"wp-block-list\">\n<li class=\"\"><strong>Praxissonntag<\/strong>: 08:00-13:00<\/li>\n<\/ul>\n\n\n\n<hr class=\"wp-block-separator has-alpha-channel-opacity\"\/>\n\n\n\n<h2 class=\"wp-block-heading has-text-align-center\">Unsere Praxisformen kurz erkl\u00e4rt<\/h2>\n\n\n\n<h3 class=\"wp-block-heading\"><strong>Zazen<\/strong><\/h3>\n\n\n\n<p class=\"\">Reinkommen, hinsetzen, eine Periode Zazen \u2013 und wer mag, bleibt im Anschluss zum Fr\u00fchst\u00fcck<\/p>\n\n\n\n<h3 class=\"wp-block-heading\"><strong>Zazen + Zeremonie<\/strong><\/h3>\n\n\n\n<p class=\"\">Wir sitzen zwei Perioden Zazen, im Anschluss gibt\u2019s eine kleine Morgenzeremonie mit Herzsutra und Daihi Shin Dharani \/ Enmei Jukku Kannon Gyo. Wer mag, bleibt zum Fr\u00fchst\u00fcck.<\/p>\n\n\n\n<h3 class=\"wp-block-heading\"><strong>Qigong<\/strong><\/h3>\n\n\n\n<p class=\"\">Kontemplative \u00dcbungen in Bewegung, geeignet f\u00fcr jedes Alter und Fitnesslevel.<\/p>\n\n\n\n<h3 class=\"wp-block-heading\"><strong>Praxissonntag<\/strong><\/h3>\n\n\n\n<p class=\"\">An&nbsp;Sonntagen nutzen wir den ganzen Vormittag, um alle drei Aspekte der Sanshin-Praxis zu \u00fcben: Zazen, Arbeit und Studium.<\/p>\n\n\n\n<div style=\"height:1rem\" aria-hidden=\"true\" class=\"wp-block-spacer\"><\/div>\n\n\n\n<ul class=\"wp-block-list\">\n<li class=\"\">8:00 Zazen<\/li>\n\n\n\n<li class=\"\">08:40 Kinhin (Einstieg m\u00f6glich)<\/li>\n\n\n\n<li class=\"\">8:50 Zazen<\/li>\n\n\n\n<li class=\"\">9:20 Rezitation<\/li>\n\n\n\n<li class=\"\">10:00 Dharma-Vortrag ODER Tee und Sharing<\/li>\n\n\n\n<li class=\"\">10:30-11:30 Samu (gemeinsames Arbeiten) und&nbsp;Nyoho-e (N\u00e4h-Praxis)<\/li>\n\n\n\n<li class=\"\">Mittagessen<\/li>\n<\/ul>\n\n\n\n<p class=\"has-text-align-left\"><em>Bitte um Voranmeldung:&nbsp;<a href=\"mailto:info@daijihi.org\">info@daijihi.org<\/a>&nbsp;oder +43 650&nbsp;3554835<\/em><\/p>\n\n\n\n<hr class=\"wp-block-separator has-alpha-channel-opacity\"\/>\n\n\n\n<h2 class=\"wp-block-heading has-text-align-center\"><strong>Einf\u00fchrung in Soto Zen<\/strong><\/h2>\n\n\n\n<h3 class=\"wp-block-heading has-text-align-left\"><strong>Freitags auf Anfrage<\/strong><\/h3>\n\n\n\n<p class=\"has-text-align-left\">18:15 &#8211; 19:00<br>eine kurze Periode Zazen (Meditation)<br>allgemeine Einf\u00fchrung in Zen<br>Fragen und Antworten<\/p>\n\n\n\n<p class=\"has-text-align-left\">Schreib uns auf <a href=\"mailto:info@daijihi.org\" target=\"_blank\" rel=\"noreferrer noopener\"><strong>info@daijihi.org<\/strong><\/a> oder WhatsApp: <a href=\"https:\/\/wa.me\/436503554835\" type=\"link\" id=\"https:\/\/wa.me\/436503554835\"><strong>+436503554835<\/strong><\/a><\/p>\n\n\n\n<hr class=\"wp-block-separator has-alpha-channel-opacity\"\/>\n\n\n\n<h2 class=\"wp-block-heading has-text-align-center\"><strong>So findet ihr uns<\/strong><\/h2>\n\n\n\n<h3 class=\"wp-block-heading\"><strong>Adresse<\/strong><\/h3>\n\n\n\n<p class=\"\">Jakob-Stainer-Gasse 17<br>1130 Wien<\/p>\n\n\n\n<h3 class=\"wp-block-heading\"><strong>Parkpl\u00e4tze<\/strong><\/h3>\n\n\n\n<ul class=\"wp-block-list\">\n<li class=\"\">Kostenfrei direkt vor dem Haus<\/li>\n\n\n\n<li class=\"\">\u00d6ffentliche Parkpl\u00e4tze in der Jakob-Stainer-Gasse und Umgebung<\/li>\n<\/ul>\n\n\n\n<h3 class=\"wp-block-heading\"><strong>\u00d6ffentliche Anbindung<\/strong><br><\/h3>\n\n\n\n<ul class=\"wp-block-list\">\n<li class=\"\">Haltestelle \u201e<strong>Speising\/Hermesstra\u00dfe<\/strong>\u201c (3-5 Gehminuten):\n<ul class=\"wp-block-list\">\n<li class=\"\">Tram 60<\/li>\n\n\n\n<li class=\"\">Tram 62<\/li>\n\n\n\n<li class=\"\">Bus 56 A<\/li>\n\n\n\n<li class=\"\">Bus 56 B<\/li>\n<\/ul>\n<\/li>\n\n\n\n<li class=\"\">Bahnhof \u201e<strong>Speising<\/strong>\u201e(10-15 Gehminuten):\n<ul class=\"wp-block-list\">\n<li class=\"\">S80<\/li>\n<\/ul>\n<\/li>\n<\/ul>\n\n\n\n<h3 class=\"wp-block-heading\"><strong>Was muss ich mitbringen\/k\u00f6nnen?<\/strong><\/h3>\n\n\n\n<p class=\"\">Die \u00dcbung ist f\u00fcr alle zug\u00e4nglich und auch f\u00fcr Anf\u00e4nger geeignet, falls du keine Zazen-Erfahrung hast, bitte etwas fr\u00fcher kommen. Wir treffen uns ca. 10 Minuten vor Beginn, besondere Kleidung ist nicht erforderlich, sie sollte bequem und dunkel sein und vor allem nicht einengen. Es gibt vor Ort Umkleidem\u00f6glichkeiten.&nbsp;<\/p>\n\n\n\n<h3 class=\"wp-block-heading\"><strong>Kostet das etwas?<\/strong><\/h3>\n\n\n\n<p class=\"\">Wir freuen uns \u00fcber deine Spende<\/p>\n\n\n\n<h3 class=\"wp-block-heading\"><strong>Was ist Zen eigentlich?<\/strong><\/h3>\n\n\n\n<p class=\"\">ZEN ist eine offene, \u00fcberkonfessionelle Tradition, die jeden Interessierten willkommen hei\u00dft. Man muss sich weder zu einem Glauben bekennen noch zu irgendetwas konvertieren, um Zen zu praktizieren, man muss seine pers\u00f6nlichen \u00dcberzeugungen oder religi\u00f6sen Zugeh\u00f6rigkeiten nicht \u00e4ndern. Es gibt kein Dogma und keine festen Glaubensvorstellungen. Wir bitten dich nur, die Regeln zu befolgen, die w\u00e4hrend unserer gemeinsamen Praxis gelten.<\/p>\n\n\n\n<h3 class=\"wp-block-heading\">Ich habe noch weitere Fragen. Wie kann ich euch erreichen?<\/h3>\n\n\n\n<p class=\"\"><em><a href=\"mailto:info@daijihi.org\" target=\"_blank\" rel=\"noreferrer noopener\">info@daijihi.org<\/a>&nbsp;oder telefonisch unter 0676\/7906230 (Shinko) bzw. 0650\/3554835 (Koryu)<br><\/em><\/p>\n","protected":false},"excerpt":{"rendered":"<p>Die meisten unserer Veranstaltungen sind hybrid. \u00dcber das Kalendertool k\u00f6nnt ihr direkt einsteigen. Vorank\u00fcndigungTempel geschlossen30.April.-3. Mai Mittwoch Donnerstag Freitag Samstag Unregelm\u00e4\u00dfig am Sonntag (Termine bitte Kalender entnehmen) Unsere Praxisformen kurz erkl\u00e4rt Zazen Reinkommen, hinsetzen, eine Periode Zazen \u2013 und wer mag, bleibt im Anschluss zum Fr\u00fchst\u00fcck Zazen + Zeremonie Wir sitzen zwei Perioden Zazen, im [&hellip;]<\/p>\n","protected":false},"author":1,"featured_media":0,"parent":0,"menu_order":0,"comment_status":"closed","ping_status":"closed","template":"","meta":{"footnotes":""},"class_list":["post-439","page","type-page","status-publish","hentry"],"yoast_head":"<!-- This site is optimized with the Yoast SEO plugin v27.6 - https:\/\/yoast.com\/product\/yoast-seo-wordpress\/ -->\n<title>Regelm\u00e4\u00dfige Praxiszeiten - Daijihi<\/title>\n<meta name=\"robots\" content=\"noindex, follow, max-snippet:-1, max-image-preview:large, max-video-preview:-1\" \/>\n<meta property=\"og:locale\" content=\"en_GB\" \/>\n<meta property=\"og:type\" content=\"article\" \/>\n<meta property=\"og:title\" content=\"Regelm\u00e4\u00dfige Praxiszeiten - Daijihi\" \/>\n<meta property=\"og:description\" content=\"Die meisten unserer Veranstaltungen sind hybrid. \u00dcber das Kalendertool k\u00f6nnt ihr direkt einsteigen. Vorank\u00fcndigungTempel geschlossen30.April.-3. Mai Mittwoch Donnerstag Freitag Samstag Unregelm\u00e4\u00dfig am Sonntag (Termine bitte Kalender entnehmen) Unsere Praxisformen kurz erkl\u00e4rt Zazen Reinkommen, hinsetzen, eine Periode Zazen \u2013 und wer mag, bleibt im Anschluss zum Fr\u00fchst\u00fcck Zazen + Zeremonie Wir sitzen zwei Perioden Zazen, im [&hellip;]\" \/>\n<meta property=\"og:url\" content=\"https:\/\/www.daijihi.org\/?page_id=439\" \/>\n<meta property=\"og:site_name\" content=\"Daijihi\" \/>\n<meta property=\"article:modified_time\" content=\"2026-04-15T15:48:17+00:00\" \/>\n<meta property=\"og:image\" content=\"https:\/\/www.daijihi.org\/wp-content\/uploads\/2025\/09\/photo_5303491854542698740_y-e1761326917591.jpg\" \/>\n\t<meta property=\"og:image:width\" content=\"548\" \/>\n\t<meta property=\"og:image:height\" content=\"411\" \/>\n\t<meta property=\"og:image:type\" content=\"image\/jpeg\" \/>\n<meta name=\"twitter:card\" content=\"summary_large_image\" \/>\n<meta name=\"twitter:label1\" content=\"Estimated reading time\" \/>\n\t<meta name=\"twitter:data1\" content=\"3 minutes\" \/>\n<script type=\"application\/ld+json\" class=\"yoast-schema-graph\">{\"@context\":\"https:\\\/\\\/schema.org\",\"@graph\":[{\"@type\":\"WebPage\",\"@id\":\"https:\\\/\\\/www.daijihi.org\\\/?page_id=439\",\"url\":\"https:\\\/\\\/www.daijihi.org\\\/?page_id=439\",\"name\":\"Regelm\u00e4\u00dfige Praxiszeiten - Daijihi\",\"isPartOf\":{\"@id\":\"https:\\\/\\\/www.daijihi.org\\\/#website\"},\"primaryImageOfPage\":{\"@id\":\"https:\\\/\\\/www.daijihi.org\\\/?page_id=439#primaryimage\"},\"image\":{\"@id\":\"https:\\\/\\\/www.daijihi.org\\\/?page_id=439#primaryimage\"},\"thumbnailUrl\":\"https:\\\/\\\/www.daijihi.org\\\/wp-content\\\/uploads\\\/2025\\\/09\\\/photo_5303491854542698740_y-e1757680590637.jpg\",\"datePublished\":\"2023-02-25T13:34:00+00:00\",\"dateModified\":\"2026-04-15T15:48:17+00:00\",\"breadcrumb\":{\"@id\":\"https:\\\/\\\/www.daijihi.org\\\/?page_id=439#breadcrumb\"},\"inLanguage\":\"en-GB\",\"potentialAction\":[{\"@type\":\"ReadAction\",\"target\":[\"https:\\\/\\\/www.daijihi.org\\\/?page_id=439\"]}]},{\"@type\":\"ImageObject\",\"inLanguage\":\"en-GB\",\"@id\":\"https:\\\/\\\/www.daijihi.org\\\/?page_id=439#primaryimage\",\"url\":\"https:\\\/\\\/www.daijihi.org\\\/wp-content\\\/uploads\\\/2025\\\/09\\\/photo_5303491854542698740_y-e1761326917591.jpg\",\"contentUrl\":\"https:\\\/\\\/www.daijihi.org\\\/wp-content\\\/uploads\\\/2025\\\/09\\\/photo_5303491854542698740_y-e1761326917591.jpg\",\"width\":548,\"height\":411},{\"@type\":\"BreadcrumbList\",\"@id\":\"https:\\\/\\\/www.daijihi.org\\\/?page_id=439#breadcrumb\",\"itemListElement\":[{\"@type\":\"ListItem\",\"position\":1,\"name\":\"Startseite\",\"item\":\"https:\\\/\\\/www.daijihi.org\\\/\"},{\"@type\":\"ListItem\",\"position\":2,\"name\":\"Regelm\u00e4\u00dfige Praxiszeiten\"}]},{\"@type\":\"WebSite\",\"@id\":\"https:\\\/\\\/www.daijihi.org\\\/#website\",\"url\":\"https:\\\/\\\/www.daijihi.org\\\/\",\"name\":\"Daijihi\",\"description\":\"\",\"publisher\":{\"@id\":\"https:\\\/\\\/www.daijihi.org\\\/#organization\"},\"potentialAction\":[{\"@type\":\"SearchAction\",\"target\":{\"@type\":\"EntryPoint\",\"urlTemplate\":\"https:\\\/\\\/www.daijihi.org\\\/?s={search_term_string}\"},\"query-input\":{\"@type\":\"PropertyValueSpecification\",\"valueRequired\":true,\"valueName\":\"search_term_string\"}}],\"inLanguage\":\"en-GB\"},{\"@type\":\"Organization\",\"@id\":\"https:\\\/\\\/www.daijihi.org\\\/#organization\",\"name\":\"Daijihi\",\"url\":\"https:\\\/\\\/www.daijihi.org\\\/\",\"logo\":{\"@type\":\"ImageObject\",\"inLanguage\":\"en-GB\",\"@id\":\"https:\\\/\\\/www.daijihi.org\\\/#\\\/schema\\\/logo\\\/image\\\/\",\"url\":\"https:\\\/\\\/www.daijihi.org\\\/wp-content\\\/uploads\\\/2025\\\/10\\\/photo_2025-10-12-15.40.12.jpeg\",\"contentUrl\":\"https:\\\/\\\/www.daijihi.org\\\/wp-content\\\/uploads\\\/2025\\\/10\\\/photo_2025-10-12-15.40.12.jpeg\",\"width\":1280,\"height\":668,\"caption\":\"Daijihi\"},\"image\":{\"@id\":\"https:\\\/\\\/www.daijihi.org\\\/#\\\/schema\\\/logo\\\/image\\\/\"}}]}<\/script>\n<!-- \/ Yoast SEO plugin. -->","yoast_head_json":{"title":"Regelm\u00e4\u00dfige Praxiszeiten - Daijihi","robots":{"index":"noindex","follow":"follow","max-snippet":"max-snippet:-1","max-image-preview":"max-image-preview:large","max-video-preview":"max-video-preview:-1"},"og_locale":"en_GB","og_type":"article","og_title":"Regelm\u00e4\u00dfige Praxiszeiten - Daijihi","og_description":"Die meisten unserer Veranstaltungen sind hybrid. \u00dcber das Kalendertool k\u00f6nnt ihr direkt einsteigen. Vorank\u00fcndigungTempel geschlossen30.April.-3. Mai Mittwoch Donnerstag Freitag Samstag Unregelm\u00e4\u00dfig am Sonntag (Termine bitte Kalender entnehmen) Unsere Praxisformen kurz erkl\u00e4rt Zazen Reinkommen, hinsetzen, eine Periode Zazen \u2013 und wer mag, bleibt im Anschluss zum Fr\u00fchst\u00fcck Zazen + Zeremonie Wir sitzen zwei Perioden Zazen, im [&hellip;]","og_url":"https:\/\/www.daijihi.org\/?page_id=439","og_site_name":"Daijihi","article_modified_time":"2026-04-15T15:48:17+00:00","og_image":[{"width":548,"height":411,"url":"https:\/\/www.daijihi.org\/wp-content\/uploads\/2025\/09\/photo_5303491854542698740_y-e1761326917591.jpg","type":"image\/jpeg"}],"twitter_card":"summary_large_image","twitter_misc":{"Estimated reading time":"3 minutes"},"schema":{"@context":"https:\/\/schema.org","@graph":[{"@type":"WebPage","@id":"https:\/\/www.daijihi.org\/?page_id=439","url":"https:\/\/www.daijihi.org\/?page_id=439","name":"Regelm\u00e4\u00dfige Praxiszeiten - Daijihi","isPartOf":{"@id":"https:\/\/www.daijihi.org\/#website"},"primaryImageOfPage":{"@id":"https:\/\/www.daijihi.org\/?page_id=439#primaryimage"},"image":{"@id":"https:\/\/www.daijihi.org\/?page_id=439#primaryimage"},"thumbnailUrl":"https:\/\/www.daijihi.org\/wp-content\/uploads\/2025\/09\/photo_5303491854542698740_y-e1757680590637.jpg","datePublished":"2023-02-25T13:34:00+00:00","dateModified":"2026-04-15T15:48:17+00:00","breadcrumb":{"@id":"https:\/\/www.daijihi.org\/?page_id=439#breadcrumb"},"inLanguage":"en-GB","potentialAction":[{"@type":"ReadAction","target":["https:\/\/www.daijihi.org\/?page_id=439"]}]},{"@type":"ImageObject","inLanguage":"en-GB","@id":"https:\/\/www.daijihi.org\/?page_id=439#primaryimage","url":"https:\/\/www.daijihi.org\/wp-content\/uploads\/2025\/09\/photo_5303491854542698740_y-e1761326917591.jpg","contentUrl":"https:\/\/www.daijihi.org\/wp-content\/uploads\/2025\/09\/photo_5303491854542698740_y-e1761326917591.jpg","width":548,"height":411},{"@type":"BreadcrumbList","@id":"https:\/\/www.daijihi.org\/?page_id=439#breadcrumb","itemListElement":[{"@type":"ListItem","position":1,"name":"Startseite","item":"https:\/\/www.daijihi.org\/"},{"@type":"ListItem","position":2,"name":"Regelm\u00e4\u00dfige Praxiszeiten"}]},{"@type":"WebSite","@id":"https:\/\/www.daijihi.org\/#website","url":"https:\/\/www.daijihi.org\/","name":"Daijihi","description":"","publisher":{"@id":"https:\/\/www.daijihi.org\/#organization"},"potentialAction":[{"@type":"SearchAction","target":{"@type":"EntryPoint","urlTemplate":"https:\/\/www.daijihi.org\/?s={search_term_string}"},"query-input":{"@type":"PropertyValueSpecification","valueRequired":true,"valueName":"search_term_string"}}],"inLanguage":"en-GB"},{"@type":"Organization","@id":"https:\/\/www.daijihi.org\/#organization","name":"Daijihi","url":"https:\/\/www.daijihi.org\/","logo":{"@type":"ImageObject","inLanguage":"en-GB","@id":"https:\/\/www.daijihi.org\/#\/schema\/logo\/image\/","url":"https:\/\/www.daijihi.org\/wp-content\/uploads\/2025\/10\/photo_2025-10-12-15.40.12.jpeg","contentUrl":"https:\/\/www.daijihi.org\/wp-content\/uploads\/2025\/10\/photo_2025-10-12-15.40.12.jpeg","width":1280,"height":668,"caption":"Daijihi"},"image":{"@id":"https:\/\/www.daijihi.org\/#\/schema\/logo\/image\/"}}]}},"featured_media_urls":[],"_links":{"self":[{"href":"https:\/\/www.daijihi.org\/index.php?rest_route=\/wp\/v2\/pages\/439","targetHints":{"allow":["GET"]}}],"collection":[{"href":"https:\/\/www.daijihi.org\/index.php?rest_route=\/wp\/v2\/pages"}],"about":[{"href":"https:\/\/www.daijihi.org\/index.php?rest_route=\/wp\/v2\/types\/page"}],"author":[{"embeddable":true,"href":"https:\/\/www.daijihi.org\/index.php?rest_route=\/wp\/v2\/users\/1"}],"replies":[{"embeddable":true,"href":"https:\/\/www.daijihi.org\/index.php?rest_route=%2Fwp%2Fv2%2Fcomments&post=439"}],"version-history":[{"count":82,"href":"https:\/\/www.daijihi.org\/index.php?rest_route=\/wp\/v2\/pages\/439\/revisions"}],"predecessor-version":[{"id":1393,"href":"https:\/\/www.daijihi.org\/index.php?rest_route=\/wp\/v2\/pages\/439\/revisions\/1393"}],"wp:attachment":[{"href":"https:\/\/www.daijihi.org\/index.php?rest_route=%2Fwp%2Fv2%2Fmedia&parent=439"}],"curies":[{"name":"wp","href":"https:\/\/api.w.org\/{rel}","templated":true}]}}