{"id":445,"date":"2023-02-25T13:35:18","date_gmt":"2023-02-25T13:35:18","guid":{"rendered":"https:\/\/busy-davinci.89-22-123-149.plesk.page\/?page_id=445"},"modified":"2026-01-26T16:35:04","modified_gmt":"2026-01-26T16:35:04","slug":"publikationen","status":"publish","type":"page","link":"https:\/\/www.daijihi.org\/?page_id=445","title":{"rendered":"Publikationen"},"content":{"rendered":"\n<h2 class=\"wp-block-heading\">Unsere Publikationen<\/h2>\n\n\n\n<h3 class=\"wp-block-heading\">Vertrauen auf das Dharma in jedem Moment<\/h3>\n\n\n\n<p class=\"\"><strong>Shinko Andreas Hagn<\/strong><\/p>\n\n\n\n<p class=\"\">Erschienen in Buddhismus Aktuell 1\/2026<\/p>\n\n\n\n<figure class=\"wp-block-image size-full\"><a href=\"https:\/\/www.dropbox.com\/scl\/fi\/7nbabsvj14tn8cvfpgdxy\/Ba-1-2026-Neubeginn-Vertrauen-Artikel.pdf?rlkey=5t4u8pwtbdymy3z6vzns5m5tw&amp;e=1&amp;dl=0\"><img loading=\"lazy\" decoding=\"async\" width=\"804\" height=\"711\" src=\"https:\/\/www.daijihi.org\/wp-content\/uploads\/2026\/01\/Vertrauen-auf-das-Dharma-Buddhismus-Aktuell-erste-Seite-SH-26.1.26.png\" alt=\"\" class=\"wp-image-1363\" srcset=\"https:\/\/www.daijihi.org\/wp-content\/uploads\/2026\/01\/Vertrauen-auf-das-Dharma-Buddhismus-Aktuell-erste-Seite-SH-26.1.26.png 804w, https:\/\/www.daijihi.org\/wp-content\/uploads\/2026\/01\/Vertrauen-auf-das-Dharma-Buddhismus-Aktuell-erste-Seite-SH-26.1.26-300x265.png 300w, https:\/\/www.daijihi.org\/wp-content\/uploads\/2026\/01\/Vertrauen-auf-das-Dharma-Buddhismus-Aktuell-erste-Seite-SH-26.1.26-768x679.png 768w, https:\/\/www.daijihi.org\/wp-content\/uploads\/2026\/01\/Vertrauen-auf-das-Dharma-Buddhismus-Aktuell-erste-Seite-SH-26.1.26-600x531.png 600w\" sizes=\"auto, (max-width: 804px) 100vw, 804px\" \/><\/a><\/figure>\n\n\n\n<div class=\"wp-block-buttons is-content-justification-center is-layout-flex wp-container-core-buttons-is-layout-a89b3969 wp-block-buttons-is-layout-flex\">\n<div class=\"wp-block-button\"><a class=\"wp-block-button__link wp-element-button\" href=\"https:\/\/www.dropbox.com\/scl\/fi\/7nbabsvj14tn8cvfpgdxy\/Ba-1-2026-Neubeginn-Vertrauen-Artikel.pdf?rlkey=5t4u8pwtbdymy3z6vzns5m5tw&amp;dl=0\">PDF Download<\/a><\/div>\n<\/div>\n\n\n\n<hr class=\"wp-block-separator has-alpha-channel-opacity\"\/>\n\n\n\n<h2 class=\"wp-block-heading\">Publikationen aus unserer Lehrlinie<\/h2>\n\n\n\n<div class=\"wp-block-columns is-layout-flex wp-container-core-columns-is-layout-28f84493 wp-block-columns-is-layout-flex\">\n<div class=\"wp-block-column is-layout-flow wp-block-column-is-layout-flow\">\n<figure class=\"wp-block-image aligncenter size-full is-resized\"><img loading=\"lazy\" decoding=\"async\" width=\"311\" height=\"500\" src=\"https:\/\/www.daijihi.org\/wp-content\/uploads\/2023\/02\/Durch-Geluebde-leben-Cover.jpg\" alt=\"\" class=\"wp-image-499\" style=\"width:308px\" srcset=\"https:\/\/www.daijihi.org\/wp-content\/uploads\/2023\/02\/Durch-Geluebde-leben-Cover.jpg 311w, https:\/\/www.daijihi.org\/wp-content\/uploads\/2023\/02\/Durch-Geluebde-leben-Cover-187x300.jpg 187w\" sizes=\"auto, (max-width: 311px) 100vw, 311px\" \/><\/figure>\n<\/div>\n\n\n\n<div class=\"wp-block-column is-layout-flow wp-block-column-is-layout-flow\">\n<p class=\"\"><strong>Shohaku Okumura: Durch Gel\u00fcbde leben.<\/strong><br><strong>Eine Einf\u00fchrung in die Gel\u00fcbde und Rezitationssutras des Zen<\/strong><\/p>\n\n\n\n<p class=\"\">Dieses \u00e4u\u00dferst n\u00fctzliche Buch erforscht die reiche Tradition der Rezitationstexte im Zen-Buddhismus und die kraftvollen Wege, wie diese Rezitationen die Meditation unterst\u00fctzen, unser Wesen ausdr\u00fccken und uns helfen, unser aufrichtiges Gel\u00fcbde zu verwirklichen, ein Leben voller Freiheit und Mitgef\u00fchl zu leben.<\/p>\n<\/div>\n<\/div>\n\n\n\n<div style=\"height:100px\" aria-hidden=\"true\" class=\"wp-block-spacer\"><\/div>\n\n\n\n<div class=\"wp-block-columns is-layout-flex wp-container-core-columns-is-layout-28f84493 wp-block-columns-is-layout-flex\">\n<div class=\"wp-block-column is-layout-flow wp-block-column-is-layout-flow\">\n<p class=\"\"><strong>Shohaku Okumura: Die Verwirklichung der Wirklichkeit.<\/strong><br><strong>\u201eGenjokoan\u201c \u2013 der Schl\u00fcssel zu Dogen-Zenjis Shobogenzo<\/strong><\/p>\n\n\n\n<p class=\"\">Meister Dogen (1200\u20131253), der Begr\u00fcnder des Soto-Zen, ist bekannt als einer der bemerkenswertesten Denker der Religionsgeschichte \u00fcberhaupt und insbesondere des Zen. Seine Werke [\u2026] verweisen auf die tiefsten Ebenen zen-buddhistischen Denkens, sind aber auch nicht leicht zug\u00e4nglich f\u00fcr den Leser. Das vorliegende Buch schlie\u00dft diese L\u00fccke. Es gibt uns eine fundierte Einf\u00fchrung in das Denken und die Lehren Meister Dogens, indem es das wichtigste Kapitel (\u00abGenjokoan\u00bb) seines bahnbrechenden Hauptwerks, des \u00abShobogenzo\u00bb, ausf\u00fchrlich erkl\u00e4rt und erl\u00e4utert.<\/p>\n<\/div>\n\n\n\n<div class=\"wp-block-column is-layout-flow wp-block-column-is-layout-flow\">\n<figure class=\"wp-block-image aligncenter size-full\"><img loading=\"lazy\" decoding=\"async\" width=\"308\" height=\"500\" src=\"https:\/\/www.daijihi.org\/wp-content\/uploads\/2023\/02\/Genjokoan-Cover.jpg\" alt=\"\" class=\"wp-image-501\" srcset=\"https:\/\/www.daijihi.org\/wp-content\/uploads\/2023\/02\/Genjokoan-Cover.jpg 308w, https:\/\/www.daijihi.org\/wp-content\/uploads\/2023\/02\/Genjokoan-Cover-185x300.jpg 185w\" sizes=\"auto, (max-width: 308px) 100vw, 308px\" \/><\/figure>\n<\/div>\n<\/div>\n\n\n\n<div style=\"height:100px\" aria-hidden=\"true\" class=\"wp-block-spacer\"><\/div>\n\n\n\n<div class=\"wp-block-columns is-layout-flex wp-container-core-columns-is-layout-28f84493 wp-block-columns-is-layout-flex\">\n<div class=\"wp-block-column is-layout-flow wp-block-column-is-layout-flow\">\n<figure class=\"wp-block-image aligncenter size-full is-resized\"><img loading=\"lazy\" decoding=\"async\" width=\"308\" height=\"500\" src=\"https:\/\/www.daijihi.org\/wp-content\/uploads\/2023\/02\/Zuimonki-Cover.jpg\" alt=\"\" class=\"wp-image-502\" style=\"width:308px\" srcset=\"https:\/\/www.daijihi.org\/wp-content\/uploads\/2023\/02\/Zuimonki-Cover.jpg 308w, https:\/\/www.daijihi.org\/wp-content\/uploads\/2023\/02\/Zuimonki-Cover-185x300.jpg 185w\" sizes=\"auto, (max-width: 308px) 100vw, 308px\" \/><\/figure>\n<\/div>\n\n\n\n<div class=\"wp-block-column is-layout-flow wp-block-column-is-layout-flow\">\n<p class=\"\"><strong>Eihei Dogen (hrsg. v. Shohaku Okumura):<\/strong><br><strong>Unterweisungen zum wahren Buddha-Weg. Shobogenzo Zuimonki<\/strong><\/p>\n\n\n\n<p class=\"\">Das Shobogenzo Zuimonki ist eine Sammlung spontaner Dharma-Ansprachen, die Dogen-Zenji seinen M\u00f6nchen aus unterschiedlichem Anlass hielt, sowie von Frage-und-Antwort-Sequenzen zwischen Dogen und seinem wichtigsten Sch\u00fcler Ejo Koun. [\u2026] Dogen f\u00fchrt darin keine buddhistische Philosophie aus [\u2026], sondern gibt seinen Sch\u00fclern auf einfache und lebendige Art Anweisungen, Beispiele und Hinweise zur Lebenseinstellung und zur Lebensweise, die dem von ihnen gew\u00e4hlten Weg Buddhas gem\u00e4\u00df sind.<\/p>\n<\/div>\n<\/div>\n\n\n\n<div style=\"height:100px\" aria-hidden=\"true\" class=\"wp-block-spacer\"><\/div>\n\n\n\n<div class=\"wp-block-columns is-layout-flex wp-container-core-columns-is-layout-28f84493 wp-block-columns-is-layout-flex\">\n<div class=\"wp-block-column is-layout-flow wp-block-column-is-layout-flow\">\n<p class=\"\"><strong>Shohaku Okumura et al.: Grenzenlose Gel\u00fcbde, Endlose Praxis:<\/strong><br><strong>Bodhisattva-Gel\u00fcbde im 21sten Jahrhundert<\/strong><\/p>\n\n\n\n<p class=\"\">Zu Ehren des 15-j\u00e4hrigen Bestehens der Sanshin Zen-Gemeinschaft pr\u00e4sentieren Shohaku Okumura und zehn seiner Dharma-Nachfahren aus aller Welt eine Reihe von Texten \u00fcber das Ablegen und die Umsetzung von Bodhisattva-Gel\u00fcbden im 21. Jahrhundert. Das Buch enth\u00e4lt neue \u00dcbersetzungen von Okumura Roshi von bisher unver\u00f6ffentlichtem Material auf Deutsch.<\/p>\n<\/div>\n\n\n\n<div class=\"wp-block-column is-layout-flow wp-block-column-is-layout-flow\">\n<figure class=\"wp-block-image aligncenter size-full is-resized\"><img loading=\"lazy\" decoding=\"async\" width=\"323\" height=\"500\" src=\"https:\/\/www.daijihi.org\/wp-content\/uploads\/2023\/02\/Grenzenlose-Geluebde-Cover.jpg\" alt=\"\" class=\"wp-image-503\" style=\"width:308px\" srcset=\"https:\/\/www.daijihi.org\/wp-content\/uploads\/2023\/02\/Grenzenlose-Geluebde-Cover.jpg 323w, https:\/\/www.daijihi.org\/wp-content\/uploads\/2023\/02\/Grenzenlose-Geluebde-Cover-194x300.jpg 194w\" sizes=\"auto, (max-width: 323px) 100vw, 323px\" \/><\/figure>\n<\/div>\n<\/div>\n\n\n\n<div style=\"height:100px\" aria-hidden=\"true\" class=\"wp-block-spacer\"><\/div>\n\n\n\n<div class=\"wp-block-columns is-layout-flex wp-container-core-columns-is-layout-28f84493 wp-block-columns-is-layout-flex\">\n<div class=\"wp-block-column is-layout-flow wp-block-column-is-layout-flow\">\n<figure class=\"wp-block-image aligncenter size-full is-resized\"><img loading=\"lazy\" decoding=\"async\" width=\"378\" height=\"599\" src=\"https:\/\/www.daijihi.org\/wp-content\/uploads\/2023\/02\/crack-the-wall-cover.jpg\" alt=\"\" class=\"wp-image-504\" style=\"width:308px;height:500px\" srcset=\"https:\/\/www.daijihi.org\/wp-content\/uploads\/2023\/02\/crack-the-wall-cover.jpg 378w, https:\/\/www.daijihi.org\/wp-content\/uploads\/2023\/02\/crack-the-wall-cover-189x300.jpg 189w\" sizes=\"auto, (max-width: 378px) 100vw, 378px\" \/><\/figure>\n<\/div>\n\n\n\n<div class=\"wp-block-column is-layout-flow wp-block-column-is-layout-flow\">\n<p class=\"\"><strong>Kaikyo Sara Roby (\u00fcbers. und herausg. v. Kyoku Barbara Lutz):<\/strong><br><strong>Crack the Wall<\/strong><\/p>\n\n\n\n<p class=\"\">Die Texte der Zen-Meisterin Kaikyo Roby, 1956-2018, entstanden aus dem pers\u00f6nlichen Erleben lebenslanger Krankheit und lebensbedrohender Situationen heraus und geben Einblicke in die Praxis des Soto-Zen als Weg zu einem befreiten Leben in Zeiten gesellschaftlicher und weltpolitischer Herausforderungen sowie weltweiter spirituell-religi\u00f6ser Fragmentierung.<br>Dieses Buch mit Original-Texten Kaikyo Robys sowie deren \u00dcbersetzungen ins Deutsche, spricht sowohl Soto-Zen-Praktizierende als auch Nicht-Praktizierende an und erkl\u00e4rt sich zu den Kernpunkten Zen-Meditation (Shikantaza), Zen-Praxis jenseits des Kissens und den Verkn\u00fcpfungen zwischen Lehrern, Sch\u00fclern und Traditionen.<\/p>\n<\/div>\n<\/div>\n\n\n\n<div style=\"height:100px\" aria-hidden=\"true\" class=\"wp-block-spacer\"><\/div>\n\n\n\n<div class=\"wp-block-columns is-layout-flex wp-container-core-columns-is-layout-28f84493 wp-block-columns-is-layout-flex\">\n<div class=\"wp-block-column is-layout-flow wp-block-column-is-layout-flow\">\n<p class=\"\"><strong>Eihei D\u014dgen:&nbsp;<\/strong><strong>Bend\u014dwa \u2013 Weg ohne Wahl: Eine Unterredung zur Praxis des Zen-Weges. Mit einer Einleitung von Shohaku Okumura. Kommentiert von Zen-Meister K\u014dsh\u014d Uchiyama Roshi.&nbsp;<\/strong><\/p>\n\n\n\n<p class=\"\">Bend\u014dwa von Zen-Meister D\u014dgen ist einer der wichtigsten Texte zur Zen-Praxis. D\u014dgens tiefgr\u00fcndige und poetische Schriften werden als der Inbegriff spiritueller Weltliteratur erachtet; sie \u00fcberschreiten jede spezielle Zen-Schule des Buddhismus oder religi\u00f6se Glaubensrichtung.<\/p>\n\n\n\n<p class=\"\">Bend\u014dwa oder \u201cWeg ohne Wahl\u201d wurde im Jahr 1231 geschrieben und bringt D\u014dgens Lehre von der grundlegenden Bedeutung von Zazen (Sitz-Meditation) und dessen tats\u00e4chlicher Durchf\u00fchrung zum Ausdruck.<\/p>\n<\/div>\n\n\n\n<div class=\"wp-block-column is-layout-flow wp-block-column-is-layout-flow\">\n<figure class=\"wp-block-image aligncenter size-large is-resized\"><img loading=\"lazy\" decoding=\"async\" width=\"732\" height=\"1024\" src=\"https:\/\/www.daijihi.org\/wp-content\/uploads\/2023\/02\/Bendowa-Cover-732x1024.jpg\" alt=\"\" class=\"wp-image-505\" style=\"width:308px;height:500px\" srcset=\"https:\/\/www.daijihi.org\/wp-content\/uploads\/2023\/02\/Bendowa-Cover-732x1024.jpg 732w, https:\/\/www.daijihi.org\/wp-content\/uploads\/2023\/02\/Bendowa-Cover-214x300.jpg 214w, https:\/\/www.daijihi.org\/wp-content\/uploads\/2023\/02\/Bendowa-Cover-768x1075.jpg 768w, https:\/\/www.daijihi.org\/wp-content\/uploads\/2023\/02\/Bendowa-Cover-1098x1536.jpg 1098w, https:\/\/www.daijihi.org\/wp-content\/uploads\/2023\/02\/Bendowa-Cover-1463x2048.jpg 1463w, https:\/\/www.daijihi.org\/wp-content\/uploads\/2023\/02\/Bendowa-Cover-800x1120.jpg 800w, https:\/\/www.daijihi.org\/wp-content\/uploads\/2023\/02\/Bendowa-Cover-600x840.jpg 600w, https:\/\/www.daijihi.org\/wp-content\/uploads\/2023\/02\/Bendowa-Cover-scaled.jpg 1829w\" sizes=\"auto, (max-width: 732px) 100vw, 732px\" \/><\/figure>\n<\/div>\n<\/div>\n\n\n\n<div style=\"height:100px\" aria-hidden=\"true\" class=\"wp-block-spacer\"><\/div>\n\n\n\n<div class=\"wp-block-columns is-layout-flex wp-container-core-columns-is-layout-28f84493 wp-block-columns-is-layout-flex\">\n<div class=\"wp-block-column is-layout-flow wp-block-column-is-layout-flow\">\n<figure class=\"wp-block-image aligncenter size-large is-resized\"><img loading=\"lazy\" decoding=\"async\" width=\"731\" height=\"1024\" src=\"https:\/\/www.daijihi.org\/wp-content\/uploads\/2023\/02\/Unbaendiges-Mitgefuehl-Cover-731x1024.jpg\" alt=\"\" class=\"wp-image-506\" style=\"width:308px;height:500px\" srcset=\"https:\/\/www.daijihi.org\/wp-content\/uploads\/2023\/02\/Unbaendiges-Mitgefuehl-Cover-731x1024.jpg 731w, https:\/\/www.daijihi.org\/wp-content\/uploads\/2023\/02\/Unbaendiges-Mitgefuehl-Cover-214x300.jpg 214w, https:\/\/www.daijihi.org\/wp-content\/uploads\/2023\/02\/Unbaendiges-Mitgefuehl-Cover-768x1075.jpg 768w, https:\/\/www.daijihi.org\/wp-content\/uploads\/2023\/02\/Unbaendiges-Mitgefuehl-Cover-1097x1536.jpg 1097w, https:\/\/www.daijihi.org\/wp-content\/uploads\/2023\/02\/Unbaendiges-Mitgefuehl-Cover-1463x2048.jpg 1463w, https:\/\/www.daijihi.org\/wp-content\/uploads\/2023\/02\/Unbaendiges-Mitgefuehl-Cover-800x1120.jpg 800w, https:\/\/www.daijihi.org\/wp-content\/uploads\/2023\/02\/Unbaendiges-Mitgefuehl-Cover-600x840.jpg 600w, https:\/\/www.daijihi.org\/wp-content\/uploads\/2023\/02\/Unbaendiges-Mitgefuehl-Cover-scaled.jpg 1828w\" sizes=\"auto, (max-width: 731px) 100vw, 731px\" \/><\/figure>\n<\/div>\n\n\n\n<div class=\"wp-block-column is-layout-flow wp-block-column-is-layout-flow\">\n<p class=\"\"><strong>Taigen Dan Leighton (\u00fcbers. und herausg. v. Kyoku Barbara Lutz):<\/strong><br><strong>Unb\u00e4ndiges Mitgef\u00fchl. Moderne Ausdrucksformen klassischer Bodhisattva-Archetypen des Mah\u0101y\u0101na-Buddhismus.<\/strong><\/p>\n\n\n\n<p class=\"\">Es sind die unb\u00e4ndigen Kr\u00e4fte des Mitgef\u00fchls, mit denen der Zen-Priester Taigen Dan Leighton uns hier bekannt macht \u2013 die Kr\u00e4fte des umfassenden Erwachens. Sie wirken in der Gestalt von Bodhisattvas zum Wohle aller Wesen in der Welt und sind durch nichts zu unterdr\u00fccken. Sie walten nicht in weit entfernten Sph\u00e4ren, sondern mitten unter uns, mitten in uns selbst. Wie Menschen dieses umfassende Mitgef\u00fchl in ihrer Lebenssituation mit ihren ganz eigenen M\u00f6glichkeiten verk\u00f6rpert haben, zeigt Taigen Dan Leighton an Beispielen wie Bob Dylan, Rachel Carson oder Martin Luther King.&nbsp;<\/p>\n\n\n\n<p class=\"\">&nbsp;So f\u00fchrt uns dieses Buch mitten in den Kern des historischen Mahayana Buddhismus und schl\u00e4gt gleichzeitig eine Br\u00fccke in unser heutiges Leben.<\/p>\n<\/div>\n<\/div>\n\n\n\n<div style=\"height:100px\" aria-hidden=\"true\" class=\"wp-block-spacer\"><\/div>\n","protected":false},"excerpt":{"rendered":"<p>Unsere Publikationen Vertrauen auf das Dharma in jedem Moment Shinko Andreas Hagn Erschienen in Buddhismus Aktuell 1\/2026 Publikationen aus unserer Lehrlinie Shohaku Okumura: Durch Gel\u00fcbde leben.Eine Einf\u00fchrung in die Gel\u00fcbde und Rezitationssutras des Zen Dieses \u00e4u\u00dferst n\u00fctzliche Buch erforscht die reiche Tradition der Rezitationstexte im Zen-Buddhismus und die kraftvollen Wege, wie diese Rezitationen die Meditation [&hellip;]<\/p>\n","protected":false},"author":1,"featured_media":0,"parent":0,"menu_order":0,"comment_status":"closed","ping_status":"closed","template":"","meta":{"footnotes":""},"class_list":["post-445","page","type-page","status-publish","hentry"],"yoast_head":"<!-- This site is optimized with the Yoast SEO plugin v27.4 - https:\/\/yoast.com\/product\/yoast-seo-wordpress\/ -->\n<title>Publikationen - Daijihi<\/title>\n<meta name=\"robots\" content=\"noindex, follow, max-snippet:-1, max-image-preview:large, max-video-preview:-1\" \/>\n<meta property=\"og:locale\" content=\"en_GB\" \/>\n<meta property=\"og:type\" content=\"article\" \/>\n<meta property=\"og:title\" content=\"Publikationen - Daijihi\" \/>\n<meta property=\"og:description\" content=\"Unsere Publikationen Vertrauen auf das Dharma in jedem Moment Shinko Andreas Hagn Erschienen in Buddhismus Aktuell 1\/2026 Publikationen aus unserer Lehrlinie Shohaku Okumura: Durch Gel\u00fcbde leben.Eine Einf\u00fchrung in die Gel\u00fcbde und Rezitationssutras des Zen Dieses \u00e4u\u00dferst n\u00fctzliche Buch erforscht die reiche Tradition der Rezitationstexte im Zen-Buddhismus und die kraftvollen Wege, wie diese Rezitationen die Meditation [&hellip;]\" \/>\n<meta property=\"og:url\" content=\"https:\/\/www.daijihi.org\/?page_id=445\" \/>\n<meta property=\"og:site_name\" content=\"Daijihi\" \/>\n<meta property=\"article:modified_time\" content=\"2026-01-26T16:35:04+00:00\" \/>\n<meta property=\"og:image\" content=\"https:\/\/www.daijihi.org\/wp-content\/uploads\/2026\/01\/Vertrauen-auf-das-Dharma-Buddhismus-Aktuell-erste-Seite-SH-26.1.26.png\" \/>\n\t<meta property=\"og:image:width\" content=\"804\" \/>\n\t<meta property=\"og:image:height\" content=\"711\" \/>\n\t<meta property=\"og:image:type\" content=\"image\/png\" \/>\n<meta name=\"twitter:card\" content=\"summary_large_image\" \/>\n<meta name=\"twitter:label1\" content=\"Estimated reading time\" \/>\n\t<meta name=\"twitter:data1\" content=\"5 minutes\" \/>\n<script type=\"application\/ld+json\" class=\"yoast-schema-graph\">{\"@context\":\"https:\\\/\\\/schema.org\",\"@graph\":[{\"@type\":\"WebPage\",\"@id\":\"https:\\\/\\\/www.daijihi.org\\\/?page_id=445\",\"url\":\"https:\\\/\\\/www.daijihi.org\\\/?page_id=445\",\"name\":\"Publikationen - Daijihi\",\"isPartOf\":{\"@id\":\"https:\\\/\\\/www.daijihi.org\\\/#website\"},\"primaryImageOfPage\":{\"@id\":\"https:\\\/\\\/www.daijihi.org\\\/?page_id=445#primaryimage\"},\"image\":{\"@id\":\"https:\\\/\\\/www.daijihi.org\\\/?page_id=445#primaryimage\"},\"thumbnailUrl\":\"https:\\\/\\\/www.daijihi.org\\\/wp-content\\\/uploads\\\/2026\\\/01\\\/Vertrauen-auf-das-Dharma-Buddhismus-Aktuell-erste-Seite-SH-26.1.26.png\",\"datePublished\":\"2023-02-25T13:35:18+00:00\",\"dateModified\":\"2026-01-26T16:35:04+00:00\",\"breadcrumb\":{\"@id\":\"https:\\\/\\\/www.daijihi.org\\\/?page_id=445#breadcrumb\"},\"inLanguage\":\"en-GB\",\"potentialAction\":[{\"@type\":\"ReadAction\",\"target\":[\"https:\\\/\\\/www.daijihi.org\\\/?page_id=445\"]}]},{\"@type\":\"ImageObject\",\"inLanguage\":\"en-GB\",\"@id\":\"https:\\\/\\\/www.daijihi.org\\\/?page_id=445#primaryimage\",\"url\":\"https:\\\/\\\/www.daijihi.org\\\/wp-content\\\/uploads\\\/2026\\\/01\\\/Vertrauen-auf-das-Dharma-Buddhismus-Aktuell-erste-Seite-SH-26.1.26.png\",\"contentUrl\":\"https:\\\/\\\/www.daijihi.org\\\/wp-content\\\/uploads\\\/2026\\\/01\\\/Vertrauen-auf-das-Dharma-Buddhismus-Aktuell-erste-Seite-SH-26.1.26.png\",\"width\":804,\"height\":711},{\"@type\":\"BreadcrumbList\",\"@id\":\"https:\\\/\\\/www.daijihi.org\\\/?page_id=445#breadcrumb\",\"itemListElement\":[{\"@type\":\"ListItem\",\"position\":1,\"name\":\"Startseite\",\"item\":\"https:\\\/\\\/www.daijihi.org\\\/\"},{\"@type\":\"ListItem\",\"position\":2,\"name\":\"Publikationen\"}]},{\"@type\":\"WebSite\",\"@id\":\"https:\\\/\\\/www.daijihi.org\\\/#website\",\"url\":\"https:\\\/\\\/www.daijihi.org\\\/\",\"name\":\"Daijihi\",\"description\":\"\",\"publisher\":{\"@id\":\"https:\\\/\\\/www.daijihi.org\\\/#organization\"},\"potentialAction\":[{\"@type\":\"SearchAction\",\"target\":{\"@type\":\"EntryPoint\",\"urlTemplate\":\"https:\\\/\\\/www.daijihi.org\\\/?s={search_term_string}\"},\"query-input\":{\"@type\":\"PropertyValueSpecification\",\"valueRequired\":true,\"valueName\":\"search_term_string\"}}],\"inLanguage\":\"en-GB\"},{\"@type\":\"Organization\",\"@id\":\"https:\\\/\\\/www.daijihi.org\\\/#organization\",\"name\":\"Daijihi\",\"url\":\"https:\\\/\\\/www.daijihi.org\\\/\",\"logo\":{\"@type\":\"ImageObject\",\"inLanguage\":\"en-GB\",\"@id\":\"https:\\\/\\\/www.daijihi.org\\\/#\\\/schema\\\/logo\\\/image\\\/\",\"url\":\"https:\\\/\\\/www.daijihi.org\\\/wp-content\\\/uploads\\\/2025\\\/10\\\/photo_2025-10-12-15.40.12.jpeg\",\"contentUrl\":\"https:\\\/\\\/www.daijihi.org\\\/wp-content\\\/uploads\\\/2025\\\/10\\\/photo_2025-10-12-15.40.12.jpeg\",\"width\":1280,\"height\":668,\"caption\":\"Daijihi\"},\"image\":{\"@id\":\"https:\\\/\\\/www.daijihi.org\\\/#\\\/schema\\\/logo\\\/image\\\/\"}}]}<\/script>\n<!-- \/ Yoast SEO plugin. -->","yoast_head_json":{"title":"Publikationen - Daijihi","robots":{"index":"noindex","follow":"follow","max-snippet":"max-snippet:-1","max-image-preview":"max-image-preview:large","max-video-preview":"max-video-preview:-1"},"og_locale":"en_GB","og_type":"article","og_title":"Publikationen - Daijihi","og_description":"Unsere Publikationen Vertrauen auf das Dharma in jedem Moment Shinko Andreas Hagn Erschienen in Buddhismus Aktuell 1\/2026 Publikationen aus unserer Lehrlinie Shohaku Okumura: Durch Gel\u00fcbde leben.Eine Einf\u00fchrung in die Gel\u00fcbde und Rezitationssutras des Zen Dieses \u00e4u\u00dferst n\u00fctzliche Buch erforscht die reiche Tradition der Rezitationstexte im Zen-Buddhismus und die kraftvollen Wege, wie diese Rezitationen die Meditation [&hellip;]","og_url":"https:\/\/www.daijihi.org\/?page_id=445","og_site_name":"Daijihi","article_modified_time":"2026-01-26T16:35:04+00:00","og_image":[{"width":804,"height":711,"url":"https:\/\/www.daijihi.org\/wp-content\/uploads\/2026\/01\/Vertrauen-auf-das-Dharma-Buddhismus-Aktuell-erste-Seite-SH-26.1.26.png","type":"image\/png"}],"twitter_card":"summary_large_image","twitter_misc":{"Estimated reading time":"5 minutes"},"schema":{"@context":"https:\/\/schema.org","@graph":[{"@type":"WebPage","@id":"https:\/\/www.daijihi.org\/?page_id=445","url":"https:\/\/www.daijihi.org\/?page_id=445","name":"Publikationen - Daijihi","isPartOf":{"@id":"https:\/\/www.daijihi.org\/#website"},"primaryImageOfPage":{"@id":"https:\/\/www.daijihi.org\/?page_id=445#primaryimage"},"image":{"@id":"https:\/\/www.daijihi.org\/?page_id=445#primaryimage"},"thumbnailUrl":"https:\/\/www.daijihi.org\/wp-content\/uploads\/2026\/01\/Vertrauen-auf-das-Dharma-Buddhismus-Aktuell-erste-Seite-SH-26.1.26.png","datePublished":"2023-02-25T13:35:18+00:00","dateModified":"2026-01-26T16:35:04+00:00","breadcrumb":{"@id":"https:\/\/www.daijihi.org\/?page_id=445#breadcrumb"},"inLanguage":"en-GB","potentialAction":[{"@type":"ReadAction","target":["https:\/\/www.daijihi.org\/?page_id=445"]}]},{"@type":"ImageObject","inLanguage":"en-GB","@id":"https:\/\/www.daijihi.org\/?page_id=445#primaryimage","url":"https:\/\/www.daijihi.org\/wp-content\/uploads\/2026\/01\/Vertrauen-auf-das-Dharma-Buddhismus-Aktuell-erste-Seite-SH-26.1.26.png","contentUrl":"https:\/\/www.daijihi.org\/wp-content\/uploads\/2026\/01\/Vertrauen-auf-das-Dharma-Buddhismus-Aktuell-erste-Seite-SH-26.1.26.png","width":804,"height":711},{"@type":"BreadcrumbList","@id":"https:\/\/www.daijihi.org\/?page_id=445#breadcrumb","itemListElement":[{"@type":"ListItem","position":1,"name":"Startseite","item":"https:\/\/www.daijihi.org\/"},{"@type":"ListItem","position":2,"name":"Publikationen"}]},{"@type":"WebSite","@id":"https:\/\/www.daijihi.org\/#website","url":"https:\/\/www.daijihi.org\/","name":"Daijihi","description":"","publisher":{"@id":"https:\/\/www.daijihi.org\/#organization"},"potentialAction":[{"@type":"SearchAction","target":{"@type":"EntryPoint","urlTemplate":"https:\/\/www.daijihi.org\/?s={search_term_string}"},"query-input":{"@type":"PropertyValueSpecification","valueRequired":true,"valueName":"search_term_string"}}],"inLanguage":"en-GB"},{"@type":"Organization","@id":"https:\/\/www.daijihi.org\/#organization","name":"Daijihi","url":"https:\/\/www.daijihi.org\/","logo":{"@type":"ImageObject","inLanguage":"en-GB","@id":"https:\/\/www.daijihi.org\/#\/schema\/logo\/image\/","url":"https:\/\/www.daijihi.org\/wp-content\/uploads\/2025\/10\/photo_2025-10-12-15.40.12.jpeg","contentUrl":"https:\/\/www.daijihi.org\/wp-content\/uploads\/2025\/10\/photo_2025-10-12-15.40.12.jpeg","width":1280,"height":668,"caption":"Daijihi"},"image":{"@id":"https:\/\/www.daijihi.org\/#\/schema\/logo\/image\/"}}]}},"featured_media_urls":[],"_links":{"self":[{"href":"https:\/\/www.daijihi.org\/index.php?rest_route=\/wp\/v2\/pages\/445","targetHints":{"allow":["GET"]}}],"collection":[{"href":"https:\/\/www.daijihi.org\/index.php?rest_route=\/wp\/v2\/pages"}],"about":[{"href":"https:\/\/www.daijihi.org\/index.php?rest_route=\/wp\/v2\/types\/page"}],"author":[{"embeddable":true,"href":"https:\/\/www.daijihi.org\/index.php?rest_route=\/wp\/v2\/users\/1"}],"replies":[{"embeddable":true,"href":"https:\/\/www.daijihi.org\/index.php?rest_route=%2Fwp%2Fv2%2Fcomments&post=445"}],"version-history":[{"count":7,"href":"https:\/\/www.daijihi.org\/index.php?rest_route=\/wp\/v2\/pages\/445\/revisions"}],"predecessor-version":[{"id":1365,"href":"https:\/\/www.daijihi.org\/index.php?rest_route=\/wp\/v2\/pages\/445\/revisions\/1365"}],"wp:attachment":[{"href":"https:\/\/www.daijihi.org\/index.php?rest_route=%2Fwp%2Fv2%2Fmedia&parent=445"}],"curies":[{"name":"wp","href":"https:\/\/api.w.org\/{rel}","templated":true}]}}