{"id":455,"date":"2023-02-25T13:38:18","date_gmt":"2023-02-25T13:38:18","guid":{"rendered":"https:\/\/busy-davinci.89-22-123-149.plesk.page\/?page_id=455"},"modified":"2026-01-26T17:14:00","modified_gmt":"2026-01-26T17:14:00","slug":"ueber-uns","status":"publish","type":"page","link":"https:\/\/www.daijihi.org\/?page_id=455","title":{"rendered":"\u00dcber uns"},"content":{"rendered":"\n<h2 class=\"wp-block-heading has-text-align-center\"><br><strong>Shink\u014d Andreas Hagn<\/strong><\/h2>\n\n\n\n<figure class=\"wp-block-image aligncenter size-full\"><img loading=\"lazy\" decoding=\"async\" width=\"548\" height=\"685\" src=\"https:\/\/www.daijihi.org\/wp-content\/uploads\/2025\/10\/Portrait-Shinko-e1761326469280.jpg\" alt=\"\" class=\"wp-image-1152\" style=\"object-fit:cover\"\/><\/figure>\n\n\n\n<p id=\"block-888d1ab8-946a-4c20-87ae-8ff1ae8727c7\" class=\"\"><strong>\u201eIch sitze allein unter der hohen Kiefer und brenne R\u00e4ucherst\u00e4bchen ab. <\/strong><br><strong>Der Wind weht und der kalte Tau benetzt meine Robe. <\/strong><br><strong>Es ist Morgengrauen, als ich mich aus meiner Meditation erhebe und auf den Weg ins Tal mache. <\/strong><br><strong>Ich werde denRest des Halbmondes in meinem Krug mitnehmen.\u201c<\/strong><\/p>\n\n\n\n<p id=\"block-888d1ab8-946a-4c20-87ae-8ff1ae8727c7\" class=\"\"><em>(Zenmeister Daichi, 14 Jhdt. Japan, aus dem Japanischen ins Englische \u00fcbersetzt von Rev. Hojun Szpunar, ins Deutsche von Shinko Hagn)<\/em><\/p>\n\n\n\n<p id=\"block-888d1ab8-946a-4c20-87ae-8ff1ae8727c7\" class=\"\">Diese Praxis im Sinne unseres Schulgr\u00fcnders Dogen Zenji f\u00fcr alle Menschen zu \u00f6ffnen ist der Inhalt meiner Praxis und meines pers\u00f6nlichen Gel\u00fcbdes. Und dabei niemanden auszuschlie\u00dfen ist mir ein besonderes Anliegen, darum praktiziere ich auch regelm\u00e4\u00dfig in Gef\u00e4ngnissen mit Insassen.<br>In unserem Daijihi Zentrum in Wien schaffen wir einen Ort, in dem diese Praxisauthentisch und zeitgerecht gelebt werden kann, integriert in unseren normalen Alltag.<\/p>\n\n\n\n<p id=\"block-888d1ab8-946a-4c20-87ae-8ff1ae8727c7\" class=\"\">Fernab des weltlichen Treibens und dennoch mittendrin \u2013 Mitten am Marktplatz mit unserem Teehaus <a href=\"https:\/\/shinkoko.at\">Shinkoko.at<\/a>, das auch als Tor zum Dharma dient.<\/p>\n\n\n\n<p id=\"block-888d1ab8-946a-4c20-87ae-8ff1ae8727c7\" class=\"\"><a href=\"https:\/\/www.daijihi.org\/wp-content\/uploads\/2025\/10\/Spiritual-CV-Shinko-Hagn-2025.pdf\"><strong>Mein Lebenslauf<\/strong><\/a><\/p>\n\n\n\n<p id=\"block-888d1ab8-946a-4c20-87ae-8ff1ae8727c7\" class=\"\"><br><strong>Publikationen:<\/strong><br><a href=\"https:\/\/www.daijihi.org\/wp-content\/uploads\/2025\/10\/Article-Shinko-for-Hojo-san-book.pdf\">Artikel in &#8220;<strong>Adding Beauty to Brocade<\/strong>&#8221; in Englisch<\/a><br><a href=\"https:\/\/www.daijihi.org\/wp-content\/uploads\/2025\/10\/Shinko-san-Interview-oebr-zs-4-2018-tv-Dt.pdf\">Interview<\/a><strong><a href=\"https:\/\/www.daijihi.org\/wp-content\/uploads\/2025\/10\/Shinko-san-Interview-oebr-zs-4-2018-tv-Dt.pdf\"> \u00d6BR Magazin<\/a><br><\/strong><a href=\"https:\/\/www.dropbox.com\/scl\/fi\/jh70qk6n6ml1ep58uvfcx\/Spiritual-CV-Shinko-Hagn-2025.docx?rlkey=i7pb54645uforqusruq7bu27l&amp;dl=0\">&#8220;Vertrauen in das Dharma in jedem Moment&#8221; &#8211; Artikel in <strong>Buddhismus Aktuell 1\/2026<\/strong><\/a><\/p>\n\n\n\n<p class=\"\">Meine Dharma-Talks findet ihr <a href=\"https:\/\/www.youtube.com\/@daijihisotozensangha1411\"><strong>auf YouTube<\/strong><\/a><br><\/p>\n\n\n\n<hr class=\"wp-block-separator has-alpha-channel-opacity\"\/>\n\n\n\n<h2 class=\"wp-block-heading has-text-align-center\"><strong>K\u014dry\u016b Susanne Halbeisen<\/strong><\/h2>\n\n\n\n<figure class=\"wp-block-image aligncenter size-full\"><img loading=\"lazy\" decoding=\"async\" width=\"548\" height=\"543\" src=\"https:\/\/www.daijihi.org\/wp-content\/uploads\/2024\/07\/koryu-portrait-fuer-website-png-final-e1761326436906.png\" alt=\"\" class=\"wp-image-716\" style=\"object-fit:cover\"\/><\/figure>\n\n\n\n<p class=\"\">Im M\u00e4rz 2023 wurde ich von Doryu Cappelli im Centro Anshin in der Sanshin-Linie ordiniert.&nbsp;Meine buddhistische Praxis begann 2009 bei der Triratna-Sangha Berlin. 2011 besuchte ich mein erstes Retreat im Tushita Meditation Centre in Dharamsala. Es war eine intensive Erfahrung, die mich dazu f\u00fchrte, meine Praxis ernsthafter zu betreiben.&nbsp;<\/p>\n\n\n\n<p class=\"\">Kurz darauf ver\u00e4nderten sich meine Lebensumst\u00e4nde, sodass ich f\u00fcr die n\u00e4chsten Jahre allein praktizierte. 2015 zog ich nach Wien und begann, intensiv Qigong zu lernen und mich tiefgehender mit Meditationsformen aus anderen spirituellen Richtungen zu besch\u00e4ftigen. In dieser Zeit, bewegt durch die Ankunft vieler Fl\u00fcchtlinge in Wien, fing ich an, mich verst\u00e4rkt sozial zu engagieren. 2017 schloss ich mich der Intersein-Sangha in der Tradition von Thich Nhat Hanh an, in der ich 2018 als Laie ordiniert wurde.&nbsp;&nbsp;<br>Ebenfalls 2018 traf ich Shinko Andreas Hagn, der f\u00fcr mich als Mentor in der buddhistischen Gefangenenseelsorge fungierte. Durch ihn lernte ich die Sanshin Zen Community kennen und habe dort mein spirituelles Zuhause gefunden.<\/p>\n\n\n\n<p class=\"\">Ich arbeite als Qigong-Kursleiterin und f\u00fchre gemeinsam mit Shinko Andreas Hagn <strong><a href=\"http:\/\/www.shinkoko.at\">Shinkoko &#8211; Feines aus Japan<\/a>.<\/strong><\/p>\n\n\n\n<p class=\"\">Ich wurde 1986 in Altst\u00e4tten (CH) geboren und lebe in Wien.&nbsp;&nbsp;<\/p>\n\n\n\n<hr class=\"wp-block-separator has-alpha-channel-opacity\"\/>\n\n\n\n<h2 class=\"wp-block-heading has-text-align-center\">Unsere Sangha<\/h2>\n\n\n\n<div class=\"wp-block-columns is-layout-flex wp-container-core-columns-is-layout-28f84493 wp-block-columns-is-layout-flex\">\n<div class=\"wp-block-column is-layout-flow wp-block-column-is-layout-flow\">\n<figure class=\"wp-block-image aligncenter size-full\"><img loading=\"lazy\" decoding=\"async\" width=\"700\" height=\"875\" src=\"https:\/\/www.daijihi.org\/wp-content\/uploads\/2025\/10\/photo_2025-10-23_12.22.21_1_cropped.jpeg\" alt=\"\" class=\"wp-image-1218\" srcset=\"https:\/\/www.daijihi.org\/wp-content\/uploads\/2025\/10\/photo_2025-10-23_12.22.21_1_cropped.jpeg 700w, https:\/\/www.daijihi.org\/wp-content\/uploads\/2025\/10\/photo_2025-10-23_12.22.21_1_cropped-240x300.jpeg 240w, https:\/\/www.daijihi.org\/wp-content\/uploads\/2025\/10\/photo_2025-10-23_12.22.21_1_cropped-600x750.jpeg 600w\" sizes=\"auto, (max-width: 700px) 100vw, 700px\" \/><figcaption class=\"wp-element-caption\">Andreas<\/figcaption><\/figure>\n<\/div>\n\n\n\n<div class=\"wp-block-column is-layout-flow wp-block-column-is-layout-flow\">\n<figure class=\"wp-block-image aligncenter size-full\"><img loading=\"lazy\" decoding=\"async\" width=\"700\" height=\"875\" src=\"https:\/\/www.daijihi.org\/wp-content\/uploads\/2025\/10\/photo_2025-10-23_12.27.16_cropped.jpeg\" alt=\"\" class=\"wp-image-1219\" srcset=\"https:\/\/www.daijihi.org\/wp-content\/uploads\/2025\/10\/photo_2025-10-23_12.27.16_cropped.jpeg 700w, https:\/\/www.daijihi.org\/wp-content\/uploads\/2025\/10\/photo_2025-10-23_12.27.16_cropped-240x300.jpeg 240w, https:\/\/www.daijihi.org\/wp-content\/uploads\/2025\/10\/photo_2025-10-23_12.27.16_cropped-600x750.jpeg 600w\" sizes=\"auto, (max-width: 700px) 100vw, 700px\" \/><figcaption class=\"wp-element-caption\">Juan D\u014dkan<\/figcaption><\/figure>\n<\/div>\n\n\n\n<div class=\"wp-block-column is-layout-flow wp-block-column-is-layout-flow\">\n<figure class=\"wp-block-image aligncenter size-full\"><img loading=\"lazy\" decoding=\"async\" width=\"700\" height=\"875\" src=\"https:\/\/www.daijihi.org\/wp-content\/uploads\/2025\/10\/WhatsApp_Image_2025-10-10_at_07.55.08_1_cropped.jpeg\" alt=\"\" class=\"wp-image-1220\" srcset=\"https:\/\/www.daijihi.org\/wp-content\/uploads\/2025\/10\/WhatsApp_Image_2025-10-10_at_07.55.08_1_cropped.jpeg 700w, https:\/\/www.daijihi.org\/wp-content\/uploads\/2025\/10\/WhatsApp_Image_2025-10-10_at_07.55.08_1_cropped-240x300.jpeg 240w, https:\/\/www.daijihi.org\/wp-content\/uploads\/2025\/10\/WhatsApp_Image_2025-10-10_at_07.55.08_1_cropped-600x750.jpeg 600w\" sizes=\"auto, (max-width: 700px) 100vw, 700px\" \/><figcaption class=\"wp-element-caption\">Sue<\/figcaption><\/figure>\n<\/div>\n<\/div>\n\n\n\n<div class=\"wp-block-columns is-layout-flex wp-container-core-columns-is-layout-28f84493 wp-block-columns-is-layout-flex\">\n<div class=\"wp-block-column is-layout-flow wp-block-column-is-layout-flow\">\n<figure class=\"wp-block-image aligncenter size-full\"><img loading=\"lazy\" decoding=\"async\" width=\"699\" height=\"875\" src=\"https:\/\/www.daijihi.org\/wp-content\/uploads\/2025\/10\/WhatsApp_Image_2025-10-10_at_07.55.08_cropped.jpeg\" alt=\"\" class=\"wp-image-1221\" srcset=\"https:\/\/www.daijihi.org\/wp-content\/uploads\/2025\/10\/WhatsApp_Image_2025-10-10_at_07.55.08_cropped.jpeg 699w, https:\/\/www.daijihi.org\/wp-content\/uploads\/2025\/10\/WhatsApp_Image_2025-10-10_at_07.55.08_cropped-240x300.jpeg 240w, https:\/\/www.daijihi.org\/wp-content\/uploads\/2025\/10\/WhatsApp_Image_2025-10-10_at_07.55.08_cropped-600x751.jpeg 600w\" sizes=\"auto, (max-width: 699px) 100vw, 699px\" \/><figcaption class=\"wp-element-caption\">Reiyo Christina<\/figcaption><\/figure>\n\n\n\n<figure class=\"wp-block-image aligncenter size-full\"><img loading=\"lazy\" decoding=\"async\" width=\"700\" height=\"875\" src=\"https:\/\/www.daijihi.org\/wp-content\/uploads\/2026\/01\/photo_2026-01-06-00.40.29-e1767678169839.jpeg\" alt=\"\" class=\"wp-image-1330\" srcset=\"https:\/\/www.daijihi.org\/wp-content\/uploads\/2026\/01\/photo_2026-01-06-00.40.29-e1767678169839.jpeg 700w, https:\/\/www.daijihi.org\/wp-content\/uploads\/2026\/01\/photo_2026-01-06-00.40.29-e1767678169839-240x300.jpeg 240w, https:\/\/www.daijihi.org\/wp-content\/uploads\/2026\/01\/photo_2026-01-06-00.40.29-e1767678169839-600x750.jpeg 600w\" sizes=\"auto, (max-width: 700px) 100vw, 700px\" \/><figcaption class=\"wp-element-caption\">Natalie (Nelly)<\/figcaption><\/figure>\n<\/div>\n\n\n\n<div class=\"wp-block-column is-layout-flow wp-block-column-is-layout-flow\">\n<figure class=\"wp-block-image aligncenter size-full\"><img loading=\"lazy\" decoding=\"async\" width=\"700\" height=\"875\" src=\"https:\/\/www.daijihi.org\/wp-content\/uploads\/2025\/10\/WhatsApp_Image_2025-10-12_at_05.22.11_cropped.jpeg\" alt=\"\" class=\"wp-image-1222\" srcset=\"https:\/\/www.daijihi.org\/wp-content\/uploads\/2025\/10\/WhatsApp_Image_2025-10-12_at_05.22.11_cropped.jpeg 700w, https:\/\/www.daijihi.org\/wp-content\/uploads\/2025\/10\/WhatsApp_Image_2025-10-12_at_05.22.11_cropped-240x300.jpeg 240w, https:\/\/www.daijihi.org\/wp-content\/uploads\/2025\/10\/WhatsApp_Image_2025-10-12_at_05.22.11_cropped-600x750.jpeg 600w\" sizes=\"auto, (max-width: 700px) 100vw, 700px\" \/><figcaption class=\"wp-element-caption\">Ori<\/figcaption><\/figure>\n\n\n\n<figure class=\"wp-block-image aligncenter size-full\"><img loading=\"lazy\" decoding=\"async\" width=\"700\" height=\"867\" src=\"https:\/\/www.daijihi.org\/wp-content\/uploads\/2026\/01\/photo_2026-01-06-00.40.24-e1767678238182.jpeg\" alt=\"\" class=\"wp-image-1331\"\/><figcaption class=\"wp-element-caption\">Ewald<\/figcaption><\/figure>\n<\/div>\n\n\n\n<div class=\"wp-block-column is-layout-flow wp-block-column-is-layout-flow\">\n<figure class=\"wp-block-image aligncenter size-full\"><img loading=\"lazy\" decoding=\"async\" width=\"700\" height=\"875\" src=\"https:\/\/www.daijihi.org\/wp-content\/uploads\/2025\/10\/WhatsApp_Image_2025-10-12_at_05.22.11_1_cropped.jpeg\" alt=\"\" class=\"wp-image-1223\" srcset=\"https:\/\/www.daijihi.org\/wp-content\/uploads\/2025\/10\/WhatsApp_Image_2025-10-12_at_05.22.11_1_cropped.jpeg 700w, https:\/\/www.daijihi.org\/wp-content\/uploads\/2025\/10\/WhatsApp_Image_2025-10-12_at_05.22.11_1_cropped-240x300.jpeg 240w, https:\/\/www.daijihi.org\/wp-content\/uploads\/2025\/10\/WhatsApp_Image_2025-10-12_at_05.22.11_1_cropped-600x750.jpeg 600w\" sizes=\"auto, (max-width: 700px) 100vw, 700px\" \/><figcaption class=\"wp-element-caption\">David<\/figcaption><\/figure>\n<\/div>\n<\/div>\n\n\n\n<hr class=\"wp-block-separator has-alpha-channel-opacity\"\/>\n\n\n\n<h2 class=\"wp-block-heading has-text-align-center\">&nbsp;Unser Zendo<\/h2>\n\n\n\n<h3 class=\"wp-block-heading\"><strong>Adresse<\/strong><\/h3>\n\n\n\n<p class=\"\">Jakob-Stainer-Gasse 17<br>1130 Wien<\/p>\n\n\n\n<h4 class=\"wp-block-heading\">Parkpl\u00e4tze<\/h4>\n\n\n\n<ul class=\"wp-block-list\">\n<li class=\"\">Kostenfrei direkt vor dem Haus<\/li>\n\n\n\n<li class=\"\">\u00d6ffentliche Parkpl\u00e4tze in der Jakob-Stainer-Gasse und Umgebung<\/li>\n<\/ul>\n\n\n\n<h4 class=\"wp-block-heading\"><strong>\u00d6ffentliche Anbindung<\/strong><\/h4>\n\n\n\n<p class=\"\">Haltestelle \u201e<strong>Speising\/Hermesstra\u00dfe<\/strong>\u201c (3-5 Gehminuten):<\/p>\n\n\n\n<ul class=\"wp-block-list\">\n<li class=\"\">Tram 60<\/li>\n\n\n\n<li class=\"\">Tram&nbsp;62<\/li>\n\n\n\n<li class=\"\">Bus 56 A<\/li>\n\n\n\n<li class=\"\">Bus 56 B<\/li>\n<\/ul>\n\n\n\n<p class=\"\">Bahnhof \u201e<strong>Speising<\/strong>\u201e(10-15 Gehminuten):<\/p>\n\n\n\n<ul class=\"wp-block-list\">\n<li class=\"\">S80<\/li>\n<\/ul>\n\n\n\n<figure class=\"wp-block-image aligncenter size-full\"><img loading=\"lazy\" decoding=\"async\" width=\"500\" height=\"496\" src=\"https:\/\/www.daijihi.org\/wp-content\/uploads\/2024\/07\/Zendo-JSG-neu-quadrat-scaled-e1757684318604.jpeg\" alt=\"\" class=\"wp-image-738\"\/><\/figure>\n","protected":false},"excerpt":{"rendered":"<p>Shink\u014d Andreas Hagn \u201eIch sitze allein unter der hohen Kiefer und brenne R\u00e4ucherst\u00e4bchen ab. Der Wind weht und der kalte Tau benetzt meine Robe. Es ist Morgengrauen, als ich mich aus meiner Meditation erhebe und auf den Weg ins Tal mache. Ich werde denRest des Halbmondes in meinem Krug mitnehmen.\u201c (Zenmeister Daichi, 14 Jhdt. Japan, [&hellip;]<\/p>\n","protected":false},"author":1,"featured_media":0,"parent":0,"menu_order":0,"comment_status":"closed","ping_status":"closed","template":"","meta":{"footnotes":""},"class_list":["post-455","page","type-page","status-publish","hentry"],"yoast_head":"<!-- This site is optimized with the Yoast SEO plugin v27.6 - https:\/\/yoast.com\/product\/yoast-seo-wordpress\/ -->\n<title>\u00dcber uns - Daijihi<\/title>\n<meta name=\"robots\" content=\"noindex, follow, max-snippet:-1, max-image-preview:large, max-video-preview:-1\" \/>\n<meta property=\"og:locale\" content=\"en_GB\" \/>\n<meta property=\"og:type\" content=\"article\" \/>\n<meta property=\"og:title\" content=\"\u00dcber uns - Daijihi\" \/>\n<meta property=\"og:description\" content=\"Shink\u014d Andreas Hagn \u201eIch sitze allein unter der hohen Kiefer und brenne R\u00e4ucherst\u00e4bchen ab. Der Wind weht und der kalte Tau benetzt meine Robe. Es ist Morgengrauen, als ich mich aus meiner Meditation erhebe und auf den Weg ins Tal mache. Ich werde denRest des Halbmondes in meinem Krug mitnehmen.\u201c (Zenmeister Daichi, 14 Jhdt. Japan, [&hellip;]\" \/>\n<meta property=\"og:url\" content=\"https:\/\/www.daijihi.org\/?page_id=455\" \/>\n<meta property=\"og:site_name\" content=\"Daijihi\" \/>\n<meta property=\"article:modified_time\" content=\"2026-01-26T17:14:00+00:00\" \/>\n<meta property=\"og:image\" content=\"https:\/\/www.daijihi.org\/wp-content\/uploads\/2025\/10\/Portrait-Shinko-e1761326469280.jpg\" \/>\n\t<meta property=\"og:image:width\" content=\"548\" \/>\n\t<meta property=\"og:image:height\" content=\"685\" \/>\n\t<meta property=\"og:image:type\" content=\"image\/jpeg\" \/>\n<meta name=\"twitter:card\" content=\"summary_large_image\" \/>\n<meta name=\"twitter:label1\" content=\"Estimated reading time\" \/>\n\t<meta name=\"twitter:data1\" content=\"5 minutes\" \/>\n<script type=\"application\/ld+json\" class=\"yoast-schema-graph\">{\"@context\":\"https:\\\/\\\/schema.org\",\"@graph\":[{\"@type\":\"WebPage\",\"@id\":\"https:\\\/\\\/www.daijihi.org\\\/?page_id=455\",\"url\":\"https:\\\/\\\/www.daijihi.org\\\/?page_id=455\",\"name\":\"\u00dcber uns - Daijihi\",\"isPartOf\":{\"@id\":\"https:\\\/\\\/www.daijihi.org\\\/#website\"},\"primaryImageOfPage\":{\"@id\":\"https:\\\/\\\/www.daijihi.org\\\/?page_id=455#primaryimage\"},\"image\":{\"@id\":\"https:\\\/\\\/www.daijihi.org\\\/?page_id=455#primaryimage\"},\"thumbnailUrl\":\"https:\\\/\\\/www.daijihi.org\\\/wp-content\\\/uploads\\\/2025\\\/10\\\/Portrait-Shinko-e1761326469280.jpg\",\"datePublished\":\"2023-02-25T13:38:18+00:00\",\"dateModified\":\"2026-01-26T17:14:00+00:00\",\"breadcrumb\":{\"@id\":\"https:\\\/\\\/www.daijihi.org\\\/?page_id=455#breadcrumb\"},\"inLanguage\":\"en-GB\",\"potentialAction\":[{\"@type\":\"ReadAction\",\"target\":[\"https:\\\/\\\/www.daijihi.org\\\/?page_id=455\"]}]},{\"@type\":\"ImageObject\",\"inLanguage\":\"en-GB\",\"@id\":\"https:\\\/\\\/www.daijihi.org\\\/?page_id=455#primaryimage\",\"url\":\"https:\\\/\\\/www.daijihi.org\\\/wp-content\\\/uploads\\\/2025\\\/10\\\/Portrait-Shinko-e1761326469280.jpg\",\"contentUrl\":\"https:\\\/\\\/www.daijihi.org\\\/wp-content\\\/uploads\\\/2025\\\/10\\\/Portrait-Shinko-e1761326469280.jpg\",\"width\":548,\"height\":685},{\"@type\":\"BreadcrumbList\",\"@id\":\"https:\\\/\\\/www.daijihi.org\\\/?page_id=455#breadcrumb\",\"itemListElement\":[{\"@type\":\"ListItem\",\"position\":1,\"name\":\"Startseite\",\"item\":\"https:\\\/\\\/www.daijihi.org\\\/\"},{\"@type\":\"ListItem\",\"position\":2,\"name\":\"\u00dcber uns\"}]},{\"@type\":\"WebSite\",\"@id\":\"https:\\\/\\\/www.daijihi.org\\\/#website\",\"url\":\"https:\\\/\\\/www.daijihi.org\\\/\",\"name\":\"Daijihi\",\"description\":\"\",\"publisher\":{\"@id\":\"https:\\\/\\\/www.daijihi.org\\\/#organization\"},\"potentialAction\":[{\"@type\":\"SearchAction\",\"target\":{\"@type\":\"EntryPoint\",\"urlTemplate\":\"https:\\\/\\\/www.daijihi.org\\\/?s={search_term_string}\"},\"query-input\":{\"@type\":\"PropertyValueSpecification\",\"valueRequired\":true,\"valueName\":\"search_term_string\"}}],\"inLanguage\":\"en-GB\"},{\"@type\":\"Organization\",\"@id\":\"https:\\\/\\\/www.daijihi.org\\\/#organization\",\"name\":\"Daijihi\",\"url\":\"https:\\\/\\\/www.daijihi.org\\\/\",\"logo\":{\"@type\":\"ImageObject\",\"inLanguage\":\"en-GB\",\"@id\":\"https:\\\/\\\/www.daijihi.org\\\/#\\\/schema\\\/logo\\\/image\\\/\",\"url\":\"https:\\\/\\\/www.daijihi.org\\\/wp-content\\\/uploads\\\/2025\\\/10\\\/photo_2025-10-12-15.40.12.jpeg\",\"contentUrl\":\"https:\\\/\\\/www.daijihi.org\\\/wp-content\\\/uploads\\\/2025\\\/10\\\/photo_2025-10-12-15.40.12.jpeg\",\"width\":1280,\"height\":668,\"caption\":\"Daijihi\"},\"image\":{\"@id\":\"https:\\\/\\\/www.daijihi.org\\\/#\\\/schema\\\/logo\\\/image\\\/\"}}]}<\/script>\n<!-- \/ Yoast SEO plugin. -->","yoast_head_json":{"title":"\u00dcber uns - Daijihi","robots":{"index":"noindex","follow":"follow","max-snippet":"max-snippet:-1","max-image-preview":"max-image-preview:large","max-video-preview":"max-video-preview:-1"},"og_locale":"en_GB","og_type":"article","og_title":"\u00dcber uns - Daijihi","og_description":"Shink\u014d Andreas Hagn \u201eIch sitze allein unter der hohen Kiefer und brenne R\u00e4ucherst\u00e4bchen ab. Der Wind weht und der kalte Tau benetzt meine Robe. Es ist Morgengrauen, als ich mich aus meiner Meditation erhebe und auf den Weg ins Tal mache. Ich werde denRest des Halbmondes in meinem Krug mitnehmen.\u201c (Zenmeister Daichi, 14 Jhdt. Japan, [&hellip;]","og_url":"https:\/\/www.daijihi.org\/?page_id=455","og_site_name":"Daijihi","article_modified_time":"2026-01-26T17:14:00+00:00","og_image":[{"width":548,"height":685,"url":"https:\/\/www.daijihi.org\/wp-content\/uploads\/2025\/10\/Portrait-Shinko-e1761326469280.jpg","type":"image\/jpeg"}],"twitter_card":"summary_large_image","twitter_misc":{"Estimated reading time":"5 minutes"},"schema":{"@context":"https:\/\/schema.org","@graph":[{"@type":"WebPage","@id":"https:\/\/www.daijihi.org\/?page_id=455","url":"https:\/\/www.daijihi.org\/?page_id=455","name":"\u00dcber uns - Daijihi","isPartOf":{"@id":"https:\/\/www.daijihi.org\/#website"},"primaryImageOfPage":{"@id":"https:\/\/www.daijihi.org\/?page_id=455#primaryimage"},"image":{"@id":"https:\/\/www.daijihi.org\/?page_id=455#primaryimage"},"thumbnailUrl":"https:\/\/www.daijihi.org\/wp-content\/uploads\/2025\/10\/Portrait-Shinko-e1761326469280.jpg","datePublished":"2023-02-25T13:38:18+00:00","dateModified":"2026-01-26T17:14:00+00:00","breadcrumb":{"@id":"https:\/\/www.daijihi.org\/?page_id=455#breadcrumb"},"inLanguage":"en-GB","potentialAction":[{"@type":"ReadAction","target":["https:\/\/www.daijihi.org\/?page_id=455"]}]},{"@type":"ImageObject","inLanguage":"en-GB","@id":"https:\/\/www.daijihi.org\/?page_id=455#primaryimage","url":"https:\/\/www.daijihi.org\/wp-content\/uploads\/2025\/10\/Portrait-Shinko-e1761326469280.jpg","contentUrl":"https:\/\/www.daijihi.org\/wp-content\/uploads\/2025\/10\/Portrait-Shinko-e1761326469280.jpg","width":548,"height":685},{"@type":"BreadcrumbList","@id":"https:\/\/www.daijihi.org\/?page_id=455#breadcrumb","itemListElement":[{"@type":"ListItem","position":1,"name":"Startseite","item":"https:\/\/www.daijihi.org\/"},{"@type":"ListItem","position":2,"name":"\u00dcber uns"}]},{"@type":"WebSite","@id":"https:\/\/www.daijihi.org\/#website","url":"https:\/\/www.daijihi.org\/","name":"Daijihi","description":"","publisher":{"@id":"https:\/\/www.daijihi.org\/#organization"},"potentialAction":[{"@type":"SearchAction","target":{"@type":"EntryPoint","urlTemplate":"https:\/\/www.daijihi.org\/?s={search_term_string}"},"query-input":{"@type":"PropertyValueSpecification","valueRequired":true,"valueName":"search_term_string"}}],"inLanguage":"en-GB"},{"@type":"Organization","@id":"https:\/\/www.daijihi.org\/#organization","name":"Daijihi","url":"https:\/\/www.daijihi.org\/","logo":{"@type":"ImageObject","inLanguage":"en-GB","@id":"https:\/\/www.daijihi.org\/#\/schema\/logo\/image\/","url":"https:\/\/www.daijihi.org\/wp-content\/uploads\/2025\/10\/photo_2025-10-12-15.40.12.jpeg","contentUrl":"https:\/\/www.daijihi.org\/wp-content\/uploads\/2025\/10\/photo_2025-10-12-15.40.12.jpeg","width":1280,"height":668,"caption":"Daijihi"},"image":{"@id":"https:\/\/www.daijihi.org\/#\/schema\/logo\/image\/"}}]}},"featured_media_urls":[],"_links":{"self":[{"href":"https:\/\/www.daijihi.org\/index.php?rest_route=\/wp\/v2\/pages\/455","targetHints":{"allow":["GET"]}}],"collection":[{"href":"https:\/\/www.daijihi.org\/index.php?rest_route=\/wp\/v2\/pages"}],"about":[{"href":"https:\/\/www.daijihi.org\/index.php?rest_route=\/wp\/v2\/types\/page"}],"author":[{"embeddable":true,"href":"https:\/\/www.daijihi.org\/index.php?rest_route=\/wp\/v2\/users\/1"}],"replies":[{"embeddable":true,"href":"https:\/\/www.daijihi.org\/index.php?rest_route=%2Fwp%2Fv2%2Fcomments&post=455"}],"version-history":[{"count":44,"href":"https:\/\/www.daijihi.org\/index.php?rest_route=\/wp\/v2\/pages\/455\/revisions"}],"predecessor-version":[{"id":1370,"href":"https:\/\/www.daijihi.org\/index.php?rest_route=\/wp\/v2\/pages\/455\/revisions\/1370"}],"wp:attachment":[{"href":"https:\/\/www.daijihi.org\/index.php?rest_route=%2Fwp%2Fv2%2Fmedia&parent=455"}],"curies":[{"name":"wp","href":"https:\/\/api.w.org\/{rel}","templated":true}]}}